{"id":25805,"date":"2018-12-06T13:13:39","date_gmt":"2018-12-06T12:19:51","guid":{"rendered":"https:\/\/pikasworld.ch\/?post_type=product&#038;p=25805"},"modified":"2024-11-08T14:10:09","modified_gmt":"2024-11-08T13:10:09","slug":"karousel-ballons","status":"publish","type":"product","link":"https:\/\/camaleoparty.ch\/de\/produkt\/karousel-ballons\/","title":{"rendered":"Karousel Ballons"},"content":{"rendered":"<p>12 Ballons in Pink, blau, Gold und Pfirsich T\u00f6ne&#8230; 3 sind mit Konfettis gef\u00fcllt&#8230; Perfekt f\u00fcr eine Geburtstagsparty<\/p>\n","protected":false},"excerpt":{"rendered":"<p>12 Ballons in Pink, blau, Gold und Pfirsich T\u00f6ne&#8230; 3 sind mit Konfettis gef\u00fcllt&#8230; Perfekt f\u00fcr eine Geburtstagsparty<\/p>\n","protected":false},"featured_media":25803,"comment_status":"open","ping_status":"closed","template":"","meta":[],"product_cat":[165,163,909,895,555],"product_tag":[],"class_list":{"0":"post-25805","1":"product","2":"type-product","3":"status-publish","4":"has-post-thumbnail","6":"product_cat-ballone","7":"product_cat-dekoration","8":"product_cat-einfarbigen-luftballons","9":"product_cat-lagerabbau","10":"product_cat-sale-de-2","12":"first","13":"instock","14":"sale","15":"taxable","16":"shipping-taxable","17":"purchasable","18":"product-type-simple"},"_links":{"self":[{"href":"https:\/\/camaleoparty.ch\/de\/wp-json\/wp\/v2\/product\/25805","targetHints":{"allow":["GET"]}}],"collection":[{"href":"https:\/\/camaleoparty.ch\/de\/wp-json\/wp\/v2\/product"}],"about":[{"href":"https:\/\/camaleoparty.ch\/de\/wp-json\/wp\/v2\/types\/product"}],"replies":[{"embeddable":true,"href":"https:\/\/camaleoparty.ch\/de\/wp-json\/wp\/v2\/comments?post=25805"}],"wp:featuredmedia":[{"embeddable":true,"href":"https:\/\/camaleoparty.ch\/de\/wp-json\/wp\/v2\/media\/25803"}],"wp:attachment":[{"href":"https:\/\/camaleoparty.ch\/de\/wp-json\/wp\/v2\/media?parent=25805"}],"wp:term":[{"taxonomy":"product_cat","embeddable":true,"href":"https:\/\/camaleoparty.ch\/de\/wp-json\/wp\/v2\/product_cat?post=25805"},{"taxonomy":"product_tag","embeddable":true,"href":"https:\/\/camaleoparty.ch\/de\/wp-json\/wp\/v2\/product_tag?post=25805"}],"curies":[{"name":"wp","href":"https:\/\/api.w.org\/{rel}","templated":true}]}}