{"id":25597,"date":"2018-11-15T14:27:11","date_gmt":"2018-11-15T13:32:23","guid":{"rendered":"https:\/\/pikasworld.ch\/?post_type=product&#038;p=25597"},"modified":"2024-11-08T14:10:11","modified_gmt":"2024-11-08T13:10:11","slug":"gabel-und-loeffel-wolke-sweet-dreams","status":"publish","type":"product","link":"https:\/\/camaleoparty.ch\/de\/produkt\/gabel-und-loeffel-wolke-sweet-dreams\/","title":{"rendered":"Gabel und L\u00f6ffel Wolke Sweet Dreams"},"content":{"rendered":"<p>Gabel und L\u00f6ffel Wolke von Sass et Belle perfekt f\u00fcr die Anf\u00e4nge beim essen ihres Kindes.<\/p>\n","protected":false},"excerpt":{"rendered":"<p>Gabel und L\u00f6ffel Wolke von Sass et Belle perfekt f\u00fcr die Anf\u00e4nge beim essen ihres Kindes.<\/p>\n","protected":false},"featured_media":25595,"comment_status":"open","ping_status":"closed","template":"","meta":[],"product_cat":[366,370,895],"product_tag":[],"class_list":{"0":"post-25597","1":"product","2":"type-product","3":"status-publish","4":"has-post-thumbnail","6":"product_cat-geschenk-ecke","7":"product_cat-kinder","8":"product_cat-lagerabbau","10":"first","11":"instock","12":"sale","13":"taxable","14":"shipping-taxable","15":"purchasable","16":"product-type-simple"},"_links":{"self":[{"href":"https:\/\/camaleoparty.ch\/de\/wp-json\/wp\/v2\/product\/25597","targetHints":{"allow":["GET"]}}],"collection":[{"href":"https:\/\/camaleoparty.ch\/de\/wp-json\/wp\/v2\/product"}],"about":[{"href":"https:\/\/camaleoparty.ch\/de\/wp-json\/wp\/v2\/types\/product"}],"replies":[{"embeddable":true,"href":"https:\/\/camaleoparty.ch\/de\/wp-json\/wp\/v2\/comments?post=25597"}],"wp:featuredmedia":[{"embeddable":true,"href":"https:\/\/camaleoparty.ch\/de\/wp-json\/wp\/v2\/media\/25595"}],"wp:attachment":[{"href":"https:\/\/camaleoparty.ch\/de\/wp-json\/wp\/v2\/media?parent=25597"}],"wp:term":[{"taxonomy":"product_cat","embeddable":true,"href":"https:\/\/camaleoparty.ch\/de\/wp-json\/wp\/v2\/product_cat?post=25597"},{"taxonomy":"product_tag","embeddable":true,"href":"https:\/\/camaleoparty.ch\/de\/wp-json\/wp\/v2\/product_tag?post=25597"}],"curies":[{"name":"wp","href":"https:\/\/api.w.org\/{rel}","templated":true}]}}