{"id":25539,"date":"2018-11-14T11:52:54","date_gmt":"2018-11-14T11:01:31","guid":{"rendered":"https:\/\/pikasworld.ch\/?post_type=product&#038;p=25539"},"modified":"2024-11-08T14:10:22","modified_gmt":"2024-11-08T13:10:22","slug":"weihnachten-mein-kleines-einhorn-als-christbaumkugel","status":"publish","type":"product","link":"https:\/\/camaleoparty.ch\/de\/produkt\/weihnachten-mein-kleines-einhorn-als-christbaumkugel\/","title":{"rendered":"Weihnachten &#8211; Mein kleines Einhorn als Christbaumkugel"},"content":{"rendered":"<p>Weihnachtskugel von Sass Belle, f\u00fcr die Adventszeit, festliches Einhorndesign, s\u00fc\u00df, nicht wahr?<\/p>\n","protected":false},"excerpt":{"rendered":"<p>Weihnachtskugel von Sass Belle, f\u00fcr die Adventszeit, festliches Einhorndesign, s\u00fc\u00df, nicht wahr?<\/p>\n","protected":false},"featured_media":25537,"comment_status":"open","ping_status":"closed","template":"","meta":[],"product_cat":[221,181,193],"product_tag":[],"class_list":{"0":"post-25539","1":"product","2":"type-product","3":"status-publish","4":"has-post-thumbnail","6":"product_cat-einhorn","7":"product_cat-saisonal","8":"product_cat-weihnachten","10":"first","11":"instock","12":"taxable","13":"shipping-taxable","14":"purchasable","15":"product-type-simple"},"_links":{"self":[{"href":"https:\/\/camaleoparty.ch\/de\/wp-json\/wp\/v2\/product\/25539","targetHints":{"allow":["GET"]}}],"collection":[{"href":"https:\/\/camaleoparty.ch\/de\/wp-json\/wp\/v2\/product"}],"about":[{"href":"https:\/\/camaleoparty.ch\/de\/wp-json\/wp\/v2\/types\/product"}],"replies":[{"embeddable":true,"href":"https:\/\/camaleoparty.ch\/de\/wp-json\/wp\/v2\/comments?post=25539"}],"wp:featuredmedia":[{"embeddable":true,"href":"https:\/\/camaleoparty.ch\/de\/wp-json\/wp\/v2\/media\/25537"}],"wp:attachment":[{"href":"https:\/\/camaleoparty.ch\/de\/wp-json\/wp\/v2\/media?parent=25539"}],"wp:term":[{"taxonomy":"product_cat","embeddable":true,"href":"https:\/\/camaleoparty.ch\/de\/wp-json\/wp\/v2\/product_cat?post=25539"},{"taxonomy":"product_tag","embeddable":true,"href":"https:\/\/camaleoparty.ch\/de\/wp-json\/wp\/v2\/product_tag?post=25539"}],"curies":[{"name":"wp","href":"https:\/\/api.w.org\/{rel}","templated":true}]}}