{"id":25519,"date":"2018-11-12T17:21:48","date_gmt":"2018-11-12T16:24:29","guid":{"rendered":"https:\/\/pikasworld.ch\/?post_type=product&#038;p=25519"},"modified":"2024-11-08T14:10:24","modified_gmt":"2024-11-08T13:10:24","slug":"set-mit-3-planzentoepfen","status":"publish","type":"product","link":"https:\/\/camaleoparty.ch\/de\/produkt\/set-mit-3-planzentoepfen\/","title":{"rendered":"Set mit 3 Planzent\u00f6pfen"},"content":{"rendered":"<p>1 Set von 3 T\u00f6pfen f\u00fcr Planzen oder sonstiges.<\/p>\n<p>H 7.5cm<\/p>\n","protected":false},"excerpt":{"rendered":"<p>1 Set von 3 T\u00f6pfen f\u00fcr Planzen oder sonstiges.<\/p>\n<p>H 7.5cm<\/p>\n","protected":false},"featured_media":25514,"comment_status":"open","ping_status":"closed","template":"","meta":[],"product_cat":[366,372,895],"product_tag":[],"class_list":{"0":"post-25519","1":"product","2":"type-product","3":"status-publish","4":"has-post-thumbnail","6":"product_cat-geschenk-ecke","7":"product_cat-haus","8":"product_cat-lagerabbau","10":"first","11":"instock","12":"sale","13":"taxable","14":"shipping-taxable","15":"purchasable","16":"product-type-simple"},"_links":{"self":[{"href":"https:\/\/camaleoparty.ch\/de\/wp-json\/wp\/v2\/product\/25519","targetHints":{"allow":["GET"]}}],"collection":[{"href":"https:\/\/camaleoparty.ch\/de\/wp-json\/wp\/v2\/product"}],"about":[{"href":"https:\/\/camaleoparty.ch\/de\/wp-json\/wp\/v2\/types\/product"}],"replies":[{"embeddable":true,"href":"https:\/\/camaleoparty.ch\/de\/wp-json\/wp\/v2\/comments?post=25519"}],"wp:featuredmedia":[{"embeddable":true,"href":"https:\/\/camaleoparty.ch\/de\/wp-json\/wp\/v2\/media\/25514"}],"wp:attachment":[{"href":"https:\/\/camaleoparty.ch\/de\/wp-json\/wp\/v2\/media?parent=25519"}],"wp:term":[{"taxonomy":"product_cat","embeddable":true,"href":"https:\/\/camaleoparty.ch\/de\/wp-json\/wp\/v2\/product_cat?post=25519"},{"taxonomy":"product_tag","embeddable":true,"href":"https:\/\/camaleoparty.ch\/de\/wp-json\/wp\/v2\/product_tag?post=25519"}],"curies":[{"name":"wp","href":"https:\/\/api.w.org\/{rel}","templated":true}]}}