{"id":25510,"date":"2018-11-12T17:01:51","date_gmt":"2018-11-12T16:07:04","guid":{"rendered":"https:\/\/pikasworld.ch\/?post_type=product&#038;p=25510"},"modified":"2024-11-08T14:10:26","modified_gmt":"2024-11-08T13:10:26","slug":"kinder-kochset-im-koffer-bear-camp","status":"publish","type":"product","link":"https:\/\/camaleoparty.ch\/de\/produkt\/kinder-kochset-im-koffer-bear-camp\/","title":{"rendered":"KINDER KOCHSET IM KOFFER Bear Camp"},"content":{"rendered":"<p>S\u00fcsse Kinderk\u00fcche f\u00fcr zu Hause oder zum Mitnehmen!\u00a0Kleine T\u00f6pfe, Pfannen und Kochutensilien verpackt in einem h\u00fcbschen Koffer\u00a0der, wenn er auf den Kopf gestellt wird, als vorget\u00e4uschtes Kochfeld dient. Ein tolles Geschenk f\u00fcr Kinder.<\/p>\n<p>Materialien: Zinn, Edelstahl, Birkenholz, Papier<\/p>\n<p>Masse:\u00a013 x 24 x 16 cm<\/p>\n","protected":false},"excerpt":{"rendered":"<p>S\u00fcsse Kinderk\u00fcche f\u00fcr zu Hause oder zum Mitnehmen!\u00a0Kleine T\u00f6pfe, Pfannen und Kochutensilien verpackt in einem h\u00fcbschen Koffer\u00a0der, wenn er auf den Kopf gestellt wird, als vorget\u00e4uschtes Kochfeld dient. Ein tolles Geschenk f\u00fcr Kinder.<\/p>\n<p>Materialien: Zinn, Edelstahl, Birkenholz, Papier<\/p>\n<p>Masse:\u00a013 x 24 x 16 cm<\/p>\n","protected":false},"featured_media":25505,"comment_status":"open","ping_status":"closed","template":"","meta":[],"product_cat":[366,370,555],"product_tag":[],"class_list":{"0":"post-25510","1":"product","2":"type-product","3":"status-publish","4":"has-post-thumbnail","6":"product_cat-geschenk-ecke","7":"product_cat-kinder","8":"product_cat-sale-de-2","10":"first","11":"instock","12":"taxable","13":"shipping-taxable","14":"purchasable","15":"product-type-simple"},"_links":{"self":[{"href":"https:\/\/camaleoparty.ch\/de\/wp-json\/wp\/v2\/product\/25510","targetHints":{"allow":["GET"]}}],"collection":[{"href":"https:\/\/camaleoparty.ch\/de\/wp-json\/wp\/v2\/product"}],"about":[{"href":"https:\/\/camaleoparty.ch\/de\/wp-json\/wp\/v2\/types\/product"}],"replies":[{"embeddable":true,"href":"https:\/\/camaleoparty.ch\/de\/wp-json\/wp\/v2\/comments?post=25510"}],"wp:featuredmedia":[{"embeddable":true,"href":"https:\/\/camaleoparty.ch\/de\/wp-json\/wp\/v2\/media\/25505"}],"wp:attachment":[{"href":"https:\/\/camaleoparty.ch\/de\/wp-json\/wp\/v2\/media?parent=25510"}],"wp:term":[{"taxonomy":"product_cat","embeddable":true,"href":"https:\/\/camaleoparty.ch\/de\/wp-json\/wp\/v2\/product_cat?post=25510"},{"taxonomy":"product_tag","embeddable":true,"href":"https:\/\/camaleoparty.ch\/de\/wp-json\/wp\/v2\/product_tag?post=25510"}],"curies":[{"name":"wp","href":"https:\/\/api.w.org\/{rel}","templated":true}]}}