{"id":25498,"date":"2018-11-12T16:45:51","date_gmt":"2018-11-12T15:54:39","guid":{"rendered":"https:\/\/pikasworld.ch\/?post_type=product&#038;p=25498"},"modified":"2024-11-08T14:13:02","modified_gmt":"2024-11-08T13:13:02","slug":"weihnachtsbaum-zum-aufhaengen","status":"publish","type":"product","link":"https:\/\/camaleoparty.ch\/de\/produkt\/weihnachtsbaum-zum-aufhaengen\/","title":{"rendered":"Weihnachtsbaum zum aufh\u00e4ngen"},"content":{"rendered":"<p>Wie w\u00e4re es mit diesem Weihnachtsbaum aus Holz zum Aufh\u00e4ngen. Perfekt f\u00fcr einen Adventskalender oder eine originelle Weihnachtsdekoration.<\/p>\n<p>L72 x W3 x H89 cm<\/p>\n","protected":false},"excerpt":{"rendered":"<p>Wie w\u00e4re es mit diesem Weihnachtsbaum aus Holz zum Aufh\u00e4ngen. Perfekt f\u00fcr einen Adventskalender oder eine originelle Weihnachtsdekoration.<\/p>\n<p>L72 x W3 x H89 cm<\/p>\n","protected":false},"featured_media":25496,"comment_status":"open","ping_status":"closed","template":"","meta":[],"product_cat":[366,372,181,193],"product_tag":[],"class_list":{"0":"post-25498","1":"product","2":"type-product","3":"status-publish","4":"has-post-thumbnail","6":"product_cat-geschenk-ecke","7":"product_cat-haus","8":"product_cat-saisonal","9":"product_cat-weihnachten","11":"first","12":"instock","13":"taxable","14":"shipping-taxable","15":"purchasable","16":"product-type-simple"},"_links":{"self":[{"href":"https:\/\/camaleoparty.ch\/de\/wp-json\/wp\/v2\/product\/25498","targetHints":{"allow":["GET"]}}],"collection":[{"href":"https:\/\/camaleoparty.ch\/de\/wp-json\/wp\/v2\/product"}],"about":[{"href":"https:\/\/camaleoparty.ch\/de\/wp-json\/wp\/v2\/types\/product"}],"replies":[{"embeddable":true,"href":"https:\/\/camaleoparty.ch\/de\/wp-json\/wp\/v2\/comments?post=25498"}],"wp:featuredmedia":[{"embeddable":true,"href":"https:\/\/camaleoparty.ch\/de\/wp-json\/wp\/v2\/media\/25496"}],"wp:attachment":[{"href":"https:\/\/camaleoparty.ch\/de\/wp-json\/wp\/v2\/media?parent=25498"}],"wp:term":[{"taxonomy":"product_cat","embeddable":true,"href":"https:\/\/camaleoparty.ch\/de\/wp-json\/wp\/v2\/product_cat?post=25498"},{"taxonomy":"product_tag","embeddable":true,"href":"https:\/\/camaleoparty.ch\/de\/wp-json\/wp\/v2\/product_tag?post=25498"}],"curies":[{"name":"wp","href":"https:\/\/api.w.org\/{rel}","templated":true}]}}