{"id":25427,"date":"2018-11-08T16:36:30","date_gmt":"2018-11-08T15:40:56","guid":{"rendered":"https:\/\/pikasworld.ch\/?post_type=product&#038;p=25427"},"modified":"2024-11-08T14:13:08","modified_gmt":"2024-11-08T13:13:08","slug":"folienballon-orb-globe-gold-38-cm","status":"publish","type":"product","link":"https:\/\/camaleoparty.ch\/de\/produkt\/folienballon-orb-globe-gold-38-cm\/","title":{"rendered":"Folienballon Orb Globe Gold, 38 cm"},"content":{"rendered":"<p>Grosser Kugelballon in Gold &#8211; der perfekte Ballon f\u00fcr das Gewisse Extra an deinem Fest oder Event. Diese Ballone sehen auch toll in Kombination mit Ballongirlanden aus.<\/p>\n<p><strong>Inhalt:<\/strong>\u00a01 Folienballon Ballf\u00f6rmig in gl\u00e4nzendem Gold, unaufgeblasen, ben\u00f6tigt Helium<br \/>\n<strong>Gr\u00f6sse:<\/strong>\u00a0ca. 38 cm (15 inches)<\/p>\n","protected":false},"excerpt":{"rendered":"<p>Grosser Kugelballon in Gold &#8211; der perfekte Ballon f\u00fcr das Gewisse Extra an deinem Fest oder Event. Diese Ballone sehen auch toll in Kombination mit Ballongirlanden aus.<\/p>\n<p><strong>Inhalt:<\/strong>\u00a01 Folienballon Ballf\u00f6rmig in gl\u00e4nzendem Gold, unaufgeblasen, ben\u00f6tigt Helium<br \/>\n<strong>Gr\u00f6sse:<\/strong>\u00a0ca. 38 cm (15 inches)<\/p>\n","protected":false},"featured_media":25425,"comment_status":"open","ping_status":"closed","template":"","meta":[],"product_cat":[163,274,191,181,193],"product_tag":[],"class_list":{"0":"post-25427","1":"product","2":"type-product","3":"status-publish","4":"has-post-thumbnail","6":"product_cat-dekoration","7":"product_cat-folienballons","8":"product_cat-hochzeit","9":"product_cat-saisonal","10":"product_cat-weihnachten","12":"first","13":"instock","14":"sale","15":"taxable","16":"shipping-taxable","17":"purchasable","18":"product-type-simple"},"_links":{"self":[{"href":"https:\/\/camaleoparty.ch\/de\/wp-json\/wp\/v2\/product\/25427","targetHints":{"allow":["GET"]}}],"collection":[{"href":"https:\/\/camaleoparty.ch\/de\/wp-json\/wp\/v2\/product"}],"about":[{"href":"https:\/\/camaleoparty.ch\/de\/wp-json\/wp\/v2\/types\/product"}],"replies":[{"embeddable":true,"href":"https:\/\/camaleoparty.ch\/de\/wp-json\/wp\/v2\/comments?post=25427"}],"wp:featuredmedia":[{"embeddable":true,"href":"https:\/\/camaleoparty.ch\/de\/wp-json\/wp\/v2\/media\/25425"}],"wp:attachment":[{"href":"https:\/\/camaleoparty.ch\/de\/wp-json\/wp\/v2\/media?parent=25427"}],"wp:term":[{"taxonomy":"product_cat","embeddable":true,"href":"https:\/\/camaleoparty.ch\/de\/wp-json\/wp\/v2\/product_cat?post=25427"},{"taxonomy":"product_tag","embeddable":true,"href":"https:\/\/camaleoparty.ch\/de\/wp-json\/wp\/v2\/product_tag?post=25427"}],"curies":[{"name":"wp","href":"https:\/\/api.w.org\/{rel}","templated":true}]}}