{"id":25111,"date":"2018-10-04T13:39:00","date_gmt":"2018-10-04T12:42:50","guid":{"rendered":"https:\/\/pikasworld.ch\/?post_type=product&#038;p=25111"},"modified":"2024-11-08T14:13:28","modified_gmt":"2024-11-08T13:13:28","slug":"party-box-dinos","status":"publish","type":"product","link":"https:\/\/camaleoparty.ch\/de\/produkt\/party-box-dinos\/","title":{"rendered":"Party Box Dinos"},"content":{"rendered":"<p>Wundersch\u00f6ne Party Box in trendigen Farben mit allem, was Sie f\u00fcr die Geburtstags-Party eines Dino-Liebhabers brauchen. F\u00fcr Candy Bar, Vintage-Hochzeit, Baby Shower oder Bridal Shower, Kinderparty oder Geburtstagparty.<\/p>\n<p>Inhalt:<\/p>\n<p>1 x Banner Dino Party<br \/>\n1 x Papiergirlande<br \/>\n6 x\u00a0Muffin Wrapper<br \/>\n5 x\u00a0Kuchentoppers<br \/>\n2 x Favour Boxes<br \/>\n10 x\u00a0Strohhalme<br \/>\n6 x Pfeifen<br \/>\n6 x\u00a0Ballons<br \/>\n1 x\u00a0Silber-Streamer<br \/>\n1 x\u00a0Satinband (Breite 6 mm)<\/p>\n","protected":false},"excerpt":{"rendered":"<p>Wundersch\u00f6ne Party Box in trendigen Farben mit allem, was Sie f\u00fcr die Geburtstags-Party eines Dino-Liebhabers brauchen. F\u00fcr Candy Bar, Vintage-Hochzeit, Baby Shower oder Bridal Shower, Kinderparty oder Geburtstagparty.<\/p>\n<p>Inhalt:<\/p>\n<p>1 x Banner Dino Party<br \/>\n1 x Papiergirlande<br \/>\n6 x\u00a0Muffin Wrapper<br \/>\n5 x\u00a0Kuchentoppers<br \/>\n2 x Favour Boxes<br \/>\n10 x\u00a0Strohhalme<br \/>\n6 x Pfeifen<br \/>\n6 x\u00a0Ballons<br \/>\n1 x\u00a0Silber-Streamer<br \/>\n1 x\u00a0Satinband (Breite 6 mm)<\/p>\n","protected":false},"featured_media":25106,"comment_status":"open","ping_status":"closed","template":"","meta":[],"product_cat":[411,151,163,215,851],"product_tag":[],"class_list":{"0":"post-25111","1":"product","2":"type-product","3":"status-publish","4":"has-post-thumbnail","6":"product_brand-partydeco-de","7":"product_cat-ballongirlande","8":"product_cat-cake-toppers-de","9":"product_cat-dekoration","10":"product_cat-dinosaurier","11":"product_cat-eine-party-box","13":"first","14":"instock","15":"sale","16":"taxable","17":"shipping-taxable","18":"purchasable","19":"product-type-simple"},"_links":{"self":[{"href":"https:\/\/camaleoparty.ch\/de\/wp-json\/wp\/v2\/product\/25111","targetHints":{"allow":["GET"]}}],"collection":[{"href":"https:\/\/camaleoparty.ch\/de\/wp-json\/wp\/v2\/product"}],"about":[{"href":"https:\/\/camaleoparty.ch\/de\/wp-json\/wp\/v2\/types\/product"}],"replies":[{"embeddable":true,"href":"https:\/\/camaleoparty.ch\/de\/wp-json\/wp\/v2\/comments?post=25111"}],"wp:featuredmedia":[{"embeddable":true,"href":"https:\/\/camaleoparty.ch\/de\/wp-json\/wp\/v2\/media\/25106"}],"wp:attachment":[{"href":"https:\/\/camaleoparty.ch\/de\/wp-json\/wp\/v2\/media?parent=25111"}],"wp:term":[{"taxonomy":"product_cat","embeddable":true,"href":"https:\/\/camaleoparty.ch\/de\/wp-json\/wp\/v2\/product_cat?post=25111"},{"taxonomy":"product_tag","embeddable":true,"href":"https:\/\/camaleoparty.ch\/de\/wp-json\/wp\/v2\/product_tag?post=25111"}],"curies":[{"name":"wp","href":"https:\/\/api.w.org\/{rel}","templated":true}]}}