{"id":24941,"date":"2018-09-27T12:32:44","date_gmt":"2018-09-27T11:36:18","guid":{"rendered":"https:\/\/pikasworld.ch\/?post_type=product&#038;p=24941"},"modified":"2024-11-08T14:13:41","modified_gmt":"2024-11-08T13:13:41","slug":"teller-hip-hip-hooray","status":"publish","type":"product","link":"https:\/\/camaleoparty.ch\/de\/produkt\/teller-hip-hip-hooray\/","title":{"rendered":"Teller Hip Hip Hooray"},"content":{"rendered":"<p>Tolle Pappteller in pastell und gold gl\u00e4nzenden Details &#8211; perfekt um gemeinsam zu Feiern und Anzustossen, passt zu vielen Anl\u00e4ssen und sind alterslos. Die Teller kommen in 3 pastelligen T\u00f6nen und haben gold gl\u00e4nzende Details wie das aufgedruckte &#8222;Hip Hip Hooray&#8220;.<\/p>\n<p><strong>Inhalt:<\/strong>\u00a08 hochwertige\u00a0Papierteller, Hexagon Form, pastell mit gold gl\u00e4nzenden Details, 3 Farbt\u00f6ne<br \/>\n<strong>Gr\u00f6\u00dfe:<\/strong>\u00a025 cm Durchmesser<\/p>\n","protected":false},"excerpt":{"rendered":"<p>Tolle Pappteller in pastell und gold gl\u00e4nzenden Details &#8211; perfekt um gemeinsam zu Feiern und Anzustossen, passt zu vielen Anl\u00e4ssen und sind alterslos. Die Teller kommen in 3 pastelligen T\u00f6nen und haben gold gl\u00e4nzende Details wie das aufgedruckte &#8222;Hip Hip Hooray&#8220;.<\/p>\n<p><strong>Inhalt:<\/strong>\u00a08 hochwertige\u00a0Papierteller, Hexagon Form, pastell mit gold gl\u00e4nzenden Details, 3 Farbt\u00f6ne<br \/>\n<strong>Gr\u00f6\u00dfe:<\/strong>\u00a025 cm Durchmesser<\/p>\n","protected":false},"featured_media":24939,"comment_status":"open","ping_status":"closed","template":"","meta":[],"product_cat":[185,183,181,149,147],"product_tag":[],"class_list":{"0":"post-24941","1":"product","2":"type-product","3":"status-publish","4":"has-post-thumbnail","6":"product_cat-baby-shower-de","7":"product_cat-geburtstag","8":"product_cat-saisonal","9":"product_cat-teller","10":"product_cat-verjaardags-en-feesttafelversieringen","12":"first","13":"instock","14":"sale","15":"taxable","16":"shipping-taxable","17":"purchasable","18":"product-type-simple"},"_links":{"self":[{"href":"https:\/\/camaleoparty.ch\/de\/wp-json\/wp\/v2\/product\/24941","targetHints":{"allow":["GET"]}}],"collection":[{"href":"https:\/\/camaleoparty.ch\/de\/wp-json\/wp\/v2\/product"}],"about":[{"href":"https:\/\/camaleoparty.ch\/de\/wp-json\/wp\/v2\/types\/product"}],"replies":[{"embeddable":true,"href":"https:\/\/camaleoparty.ch\/de\/wp-json\/wp\/v2\/comments?post=24941"}],"wp:featuredmedia":[{"embeddable":true,"href":"https:\/\/camaleoparty.ch\/de\/wp-json\/wp\/v2\/media\/24939"}],"wp:attachment":[{"href":"https:\/\/camaleoparty.ch\/de\/wp-json\/wp\/v2\/media?parent=24941"}],"wp:term":[{"taxonomy":"product_cat","embeddable":true,"href":"https:\/\/camaleoparty.ch\/de\/wp-json\/wp\/v2\/product_cat?post=24941"},{"taxonomy":"product_tag","embeddable":true,"href":"https:\/\/camaleoparty.ch\/de\/wp-json\/wp\/v2\/product_tag?post=24941"}],"curies":[{"name":"wp","href":"https:\/\/api.w.org\/{rel}","templated":true}]}}