{"id":24935,"date":"2018-09-27T12:01:50","date_gmt":"2018-09-27T11:04:54","guid":{"rendered":"https:\/\/pikasworld.ch\/?post_type=product&#038;p=24935"},"modified":"2024-11-08T14:13:42","modified_gmt":"2024-11-08T13:13:42","slug":"spinnennetz-60gr-gruen","status":"publish","type":"product","link":"https:\/\/camaleoparty.ch\/de\/produkt\/spinnennetz-60gr-gruen\/","title":{"rendered":"SPINNENNETZ 60GR Gr\u00fcn"},"content":{"rendered":"<p>Spanne falsche Spinnennetzte durch deine Wohnung und mach den Empfang f\u00fcr deine G\u00e4ste so ricgtig \u201egf\u00fcrchtig\u201c. Falsches Spinnennetz ist die perfekte Deko f\u00fcr deine Halloween Einladung oder deine Geisterparty.<\/p>\n<p><strong>Inhalt:<\/strong>\u00a0falsches Spinnennetzt Gewebe, stretchbar<br \/>\n<strong>L\u00e4nge:<\/strong>\u00a0ca. 60 g<\/p>\n","protected":false},"excerpt":{"rendered":"<p>Spanne falsche Spinnennetzte durch deine Wohnung und mach den Empfang f\u00fcr deine G\u00e4ste so ricgtig \u201egf\u00fcrchtig\u201c. Falsches Spinnennetz ist die perfekte Deko f\u00fcr deine Halloween Einladung oder deine Geisterparty.<\/p>\n<p><strong>Inhalt:<\/strong>\u00a0falsches Spinnennetzt Gewebe, stretchbar<br \/>\n<strong>L\u00e4nge:<\/strong>\u00a0ca. 60 g<\/p>\n","protected":false},"featured_media":24933,"comment_status":"open","ping_status":"closed","template":"","meta":[],"product_cat":[374],"product_tag":[],"class_list":{"0":"post-24935","1":"product","2":"type-product","3":"status-publish","4":"has-post-thumbnail","6":"product_cat-dernieres-opportunites","8":"first","9":"instock","10":"taxable","11":"shipping-taxable","12":"purchasable","13":"product-type-simple"},"_links":{"self":[{"href":"https:\/\/camaleoparty.ch\/de\/wp-json\/wp\/v2\/product\/24935","targetHints":{"allow":["GET"]}}],"collection":[{"href":"https:\/\/camaleoparty.ch\/de\/wp-json\/wp\/v2\/product"}],"about":[{"href":"https:\/\/camaleoparty.ch\/de\/wp-json\/wp\/v2\/types\/product"}],"replies":[{"embeddable":true,"href":"https:\/\/camaleoparty.ch\/de\/wp-json\/wp\/v2\/comments?post=24935"}],"wp:featuredmedia":[{"embeddable":true,"href":"https:\/\/camaleoparty.ch\/de\/wp-json\/wp\/v2\/media\/24933"}],"wp:attachment":[{"href":"https:\/\/camaleoparty.ch\/de\/wp-json\/wp\/v2\/media?parent=24935"}],"wp:term":[{"taxonomy":"product_cat","embeddable":true,"href":"https:\/\/camaleoparty.ch\/de\/wp-json\/wp\/v2\/product_cat?post=24935"},{"taxonomy":"product_tag","embeddable":true,"href":"https:\/\/camaleoparty.ch\/de\/wp-json\/wp\/v2\/product_tag?post=24935"}],"curies":[{"name":"wp","href":"https:\/\/api.w.org\/{rel}","templated":true}]}}