{"id":24875,"date":"2018-09-25T13:34:07","date_gmt":"2018-09-25T12:53:01","guid":{"rendered":"https:\/\/pikasworld.ch\/?post_type=product&#038;p=24875"},"modified":"2024-11-08T14:13:46","modified_gmt":"2024-11-08T13:13:46","slug":"6-aloha-tischkarten","status":"publish","type":"product","link":"https:\/\/camaleoparty.ch\/de\/produkt\/6-aloha-tischkarten\/","title":{"rendered":"6 Aloha Tischkarten"},"content":{"rendered":"<p>6 Tischkarten in Form von Monstera Bl\u00e4ttern. Die Bl\u00e4tter sind aus festem Papier und auf beiden Seiten gr\u00fcn. Die gro\u00dffl\u00e4chigen, tropischen Monstera Bl\u00e4tter bieten viel Platz um die Namen Ihrer G\u00e4ste zu schreiben.Auch als Tischdekoration oder auch zum Basteln eignen sich diese Papier &#8211; Bl\u00e4tter hervorragend. Die Bl\u00e4tter sind schon ausgeschnitten.<\/p>\n<p>Gr\u00f6\u00dfe: 14.5 x 11 cm<\/p>\n","protected":false},"excerpt":{"rendered":"<p>6 Tischkarten in Form von Monstera Bl\u00e4ttern. Die Bl\u00e4tter sind aus festem Papier und auf beiden Seiten gr\u00fcn. Die gro\u00dffl\u00e4chigen, tropischen Monstera Bl\u00e4tter bieten viel Platz um die Namen Ihrer G\u00e4ste zu schreiben.Auch als Tischdekoration oder auch zum Basteln eignen sich diese Papier &#8211; Bl\u00e4tter hervorragend. Die Bl\u00e4tter sind schon ausgeschnitten.<\/p>\n<p>Gr\u00f6\u00dfe: 14.5 x 11 cm<\/p>\n","protected":false},"featured_media":24870,"comment_status":"open","ping_status":"closed","template":"","meta":[],"product_cat":[163,215,343,399,327,181,189,329,1010],"product_tag":[],"class_list":{"0":"post-24875","1":"product","2":"type-product","3":"status-publish","4":"has-post-thumbnail","6":"product_cat-dekoration","7":"product_cat-dinosaurier","8":"product_cat-dschungel-und-safari","9":"product_cat-federn","10":"product_cat-kochen","11":"product_cat-saisonal","12":"product_cat-sommer","13":"product_cat-tischdekoration","14":"product_cat-tropical-de","16":"first","17":"instock","18":"taxable","19":"shipping-taxable","20":"purchasable","21":"product-type-simple"},"_links":{"self":[{"href":"https:\/\/camaleoparty.ch\/de\/wp-json\/wp\/v2\/product\/24875","targetHints":{"allow":["GET"]}}],"collection":[{"href":"https:\/\/camaleoparty.ch\/de\/wp-json\/wp\/v2\/product"}],"about":[{"href":"https:\/\/camaleoparty.ch\/de\/wp-json\/wp\/v2\/types\/product"}],"replies":[{"embeddable":true,"href":"https:\/\/camaleoparty.ch\/de\/wp-json\/wp\/v2\/comments?post=24875"}],"wp:featuredmedia":[{"embeddable":true,"href":"https:\/\/camaleoparty.ch\/de\/wp-json\/wp\/v2\/media\/24870"}],"wp:attachment":[{"href":"https:\/\/camaleoparty.ch\/de\/wp-json\/wp\/v2\/media?parent=24875"}],"wp:term":[{"taxonomy":"product_cat","embeddable":true,"href":"https:\/\/camaleoparty.ch\/de\/wp-json\/wp\/v2\/product_cat?post=24875"},{"taxonomy":"product_tag","embeddable":true,"href":"https:\/\/camaleoparty.ch\/de\/wp-json\/wp\/v2\/product_tag?post=24875"}],"curies":[{"name":"wp","href":"https:\/\/api.w.org\/{rel}","templated":true}]}}