{"id":24866,"date":"2018-09-25T09:11:32","date_gmt":"2018-09-25T08:24:06","guid":{"rendered":"https:\/\/pikasworld.ch\/?post_type=product&#038;p=24866"},"modified":"2024-11-08T14:13:47","modified_gmt":"2024-11-08T13:13:47","slug":"6-kleine-geschenkboxen","status":"publish","type":"product","link":"https:\/\/camaleoparty.ch\/de\/produkt\/6-kleine-geschenkboxen\/","title":{"rendered":"6 kleine Geschenkboxen"},"content":{"rendered":"<p>6 Geschenkboxen f\u00fcr ein kleines Geschenk bei der Geburtstagsfeier. Kann auch eine sch\u00f6ne Aktivit\u00e4t sein bei einem Kindergeburtstag.<\/p>\n<p>&nbsp;<\/p>\n<p>Gr\u00f6sse\u00a06 x 5,5 x 3,5 cm.<\/p>\n","protected":false},"excerpt":{"rendered":"<p>6 Geschenkboxen f\u00fcr ein kleines Geschenk bei der Geburtstagsfeier. Kann auch eine sch\u00f6ne Aktivit\u00e4t sein bei einem Kindergeburtstag.<\/p>\n<p>&nbsp;<\/p>\n<p>Gr\u00f6sse\u00a06 x 5,5 x 3,5 cm.<\/p>\n","protected":false},"featured_media":24864,"comment_status":"open","ping_status":"closed","template":"","meta":[],"product_cat":[598,185,163,183,382,199,181],"product_tag":[],"class_list":{"0":"post-24866","1":"product","2":"type-product","3":"status-publish","4":"has-post-thumbnail","6":"product_brand-annikids-de","7":"product_cat-waldgebiet","8":"product_cat-baby-shower-de","9":"product_cat-dekoration","10":"product_cat-geburtstag","11":"product_cat-geschenktueten-schachteln","12":"product_cat-papierwaren","13":"product_cat-saisonal","15":"first","16":"instock","17":"taxable","18":"shipping-taxable","19":"purchasable","20":"product-type-simple"},"_links":{"self":[{"href":"https:\/\/camaleoparty.ch\/de\/wp-json\/wp\/v2\/product\/24866","targetHints":{"allow":["GET"]}}],"collection":[{"href":"https:\/\/camaleoparty.ch\/de\/wp-json\/wp\/v2\/product"}],"about":[{"href":"https:\/\/camaleoparty.ch\/de\/wp-json\/wp\/v2\/types\/product"}],"replies":[{"embeddable":true,"href":"https:\/\/camaleoparty.ch\/de\/wp-json\/wp\/v2\/comments?post=24866"}],"wp:featuredmedia":[{"embeddable":true,"href":"https:\/\/camaleoparty.ch\/de\/wp-json\/wp\/v2\/media\/24864"}],"wp:attachment":[{"href":"https:\/\/camaleoparty.ch\/de\/wp-json\/wp\/v2\/media?parent=24866"}],"wp:term":[{"taxonomy":"product_cat","embeddable":true,"href":"https:\/\/camaleoparty.ch\/de\/wp-json\/wp\/v2\/product_cat?post=24866"},{"taxonomy":"product_tag","embeddable":true,"href":"https:\/\/camaleoparty.ch\/de\/wp-json\/wp\/v2\/product_tag?post=24866"}],"curies":[{"name":"wp","href":"https:\/\/api.w.org\/{rel}","templated":true}]}}