{"id":24813,"date":"2018-09-24T15:52:15","date_gmt":"2018-09-24T14:56:16","guid":{"rendered":"https:\/\/pikasworld.ch\/?post_type=product&#038;p=24813"},"modified":"2024-11-08T14:13:51","modified_gmt":"2024-11-08T13:13:51","slug":"girlande-oh-baby-gold","status":"publish","type":"product","link":"https:\/\/camaleoparty.ch\/de\/produkt\/girlande-oh-baby-gold\/","title":{"rendered":"Girlande Oh Baby, Gold"},"content":{"rendered":"<p>&#8222;Oh Baby&#8220; in gl\u00e4nzenden Goldbuchstaben, um die Geburt eines Babys zu feiern &#8211; passt perfekt zu einer Babyshower, Taufe oder einem Fest zur Geburt. Diese Girlande ist ein h\u00fcbsches Detail an Deinem Fest \u00fcber dem B\u00fcffet oder um die G\u00e4ste Wilkommen zu heissen.<\/p>\n<p><strong>Inhalt:<\/strong>\u00a0Girlande, Goldbuchstaben &#8222;Oh Baby&#8220; in Kalligraphie Schrift<br \/>\n<strong>Gr\u00f6sse:<\/strong>\u00a0ca. 1.5 Meter Gesamtl\u00e4nge<\/p>\n","protected":false},"excerpt":{"rendered":"<p>&#8222;Oh Baby&#8220; in gl\u00e4nzenden Goldbuchstaben, um die Geburt eines Babys zu feiern &#8211; passt perfekt zu einer Babyshower, Taufe oder einem Fest zur Geburt. Diese Girlande ist ein h\u00fcbsches Detail an Deinem Fest \u00fcber dem B\u00fcffet oder um die G\u00e4ste Wilkommen zu heissen.<\/p>\n<p><strong>Inhalt:<\/strong>\u00a0Girlande, Goldbuchstaben &#8222;Oh Baby&#8220; in Kalligraphie Schrift<br \/>\n<strong>Gr\u00f6sse:<\/strong>\u00a0ca. 1.5 Meter Gesamtl\u00e4nge<\/p>\n","protected":false},"featured_media":24811,"comment_status":"open","ping_status":"closed","template":"","meta":[],"product_cat":[185,163,175,181],"product_tag":[],"class_list":{"0":"post-24813","1":"product","2":"type-product","3":"status-publish","4":"has-post-thumbnail","6":"product_cat-baby-shower-de","7":"product_cat-dekoration","8":"product_cat-girlanden","9":"product_cat-saisonal","11":"first","12":"instock","13":"taxable","14":"shipping-taxable","15":"purchasable","16":"product-type-simple"},"_links":{"self":[{"href":"https:\/\/camaleoparty.ch\/de\/wp-json\/wp\/v2\/product\/24813","targetHints":{"allow":["GET"]}}],"collection":[{"href":"https:\/\/camaleoparty.ch\/de\/wp-json\/wp\/v2\/product"}],"about":[{"href":"https:\/\/camaleoparty.ch\/de\/wp-json\/wp\/v2\/types\/product"}],"replies":[{"embeddable":true,"href":"https:\/\/camaleoparty.ch\/de\/wp-json\/wp\/v2\/comments?post=24813"}],"wp:featuredmedia":[{"embeddable":true,"href":"https:\/\/camaleoparty.ch\/de\/wp-json\/wp\/v2\/media\/24811"}],"wp:attachment":[{"href":"https:\/\/camaleoparty.ch\/de\/wp-json\/wp\/v2\/media?parent=24813"}],"wp:term":[{"taxonomy":"product_cat","embeddable":true,"href":"https:\/\/camaleoparty.ch\/de\/wp-json\/wp\/v2\/product_cat?post=24813"},{"taxonomy":"product_tag","embeddable":true,"href":"https:\/\/camaleoparty.ch\/de\/wp-json\/wp\/v2\/product_tag?post=24813"}],"curies":[{"name":"wp","href":"https:\/\/api.w.org\/{rel}","templated":true}]}}