{"id":24660,"date":"2018-09-06T10:04:00","date_gmt":"2018-09-06T09:04:00","guid":{"rendered":"https:\/\/pikasworld.ch\/?post_type=product&#038;p=24660"},"modified":"2024-11-08T14:13:57","modified_gmt":"2024-11-08T13:13:57","slug":"platzkarten-set-rosa-6-st-mit-anhaenger-kraftpapier","status":"publish","type":"product","link":"https:\/\/camaleoparty.ch\/de\/produkt\/platzkarten-set-rosa-6-st-mit-anhaenger-kraftpapier\/","title":{"rendered":"PLATZKARTEN SET, ROSA, 6 ST. MIT ANH\u00c4NGER KRAFTPAPIER"},"content":{"rendered":"<p>Diese Namensk\u00e4rtchen mit Deko sind eine originelle Alternative zu klassischen Tischkarten bei der Hochzeit. Jeweils ein gro\u00dfes und ein kleines K\u00e4rtchen wird auf einem St\u00fcck Schnur aufgef\u00e4delt, das beispielsweise um die Serviette des Hochzeitsgasts gebunden werden kann. In die Schnur wird dann noch ein h\u00fcbscher Papierzweig in Dunkelblau eingesteckt &#8211; so entsteht eine zauberhafte Namenskarte, die zugleich die Tischdeko um einen romantischen Hingucker erg\u00e4nzt.<\/p>\n<ul>\n<li><span class=\"commonText\">Inhalt: 6 St\u00fcck (6 Zweige, 6 kleine Schilder, 6 gro\u00dfe Schilder), Schnur zum Auff\u00e4deln<\/span><\/li>\n<li><span class=\"commonText\">Farbe der Papierzweige: Dunkelblau<\/span><\/li>\n<li><span class=\"commonText\">Material: Schilder aus Kraftpapier, Zweige aus Papier<\/span><\/li>\n<li><span class=\"commonText\">Ma\u00dfe der Schilder: BH ca. 1,5 x 5,5cm \/ 1,5 x 6cm<\/span><\/li>\n<li><span class=\"commonText\">Ma\u00dfe der Zweige: BH ca. 6,5 x 17,5cm<\/span><\/li>\n<li><span class=\"commonText\">L\u00e4nge der Schnur: ca. 6m<\/span><\/li>\n<\/ul>\n","protected":false},"excerpt":{"rendered":"<p>Diese Namensk\u00e4rtchen mit Deko sind eine originelle Alternative zu klassischen Tischkarten bei der Hochzeit. Jeweils ein gro\u00dfes und ein kleines K\u00e4rtchen wird auf einem St\u00fcck Schnur aufgef\u00e4delt, das beispielsweise um die Serviette des Hochzeitsgasts gebunden werden kann. In die Schnur wird dann noch ein h\u00fcbscher Papierzweig in Dunkelblau eingesteckt &#8211; so entsteht eine zauberhafte Namenskarte, die zugleich die Tischdeko um einen romantischen Hingucker erg\u00e4nzt.<\/p>\n","protected":false},"featured_media":24656,"comment_status":"open","ping_status":"closed","template":"","meta":[],"product_cat":[914,185,163,155,205,191,199,1204,181,555,841,147],"product_tag":[],"class_list":{"0":"post-24660","1":"product","2":"type-product","3":"status-publish","4":"has-post-thumbnail","6":"product_brand-artyfetes-de","7":"product_cat-marke-platz","8":"product_cat-baby-shower-de","9":"product_cat-dekoration","10":"product_cat-diverses","11":"product_cat-geschenk-anhaenger","12":"product_cat-hochzeit","13":"product_cat-papierwaren","14":"product_cat-rosa","15":"product_cat-saisonal","16":"product_cat-sale-de-2","17":"product_cat-taufe","18":"product_cat-verjaardags-en-feesttafelversieringen","20":"first","21":"instock","22":"taxable","23":"shipping-taxable","24":"purchasable","25":"product-type-simple"},"_links":{"self":[{"href":"https:\/\/camaleoparty.ch\/de\/wp-json\/wp\/v2\/product\/24660","targetHints":{"allow":["GET"]}}],"collection":[{"href":"https:\/\/camaleoparty.ch\/de\/wp-json\/wp\/v2\/product"}],"about":[{"href":"https:\/\/camaleoparty.ch\/de\/wp-json\/wp\/v2\/types\/product"}],"replies":[{"embeddable":true,"href":"https:\/\/camaleoparty.ch\/de\/wp-json\/wp\/v2\/comments?post=24660"}],"wp:featuredmedia":[{"embeddable":true,"href":"https:\/\/camaleoparty.ch\/de\/wp-json\/wp\/v2\/media\/24656"}],"wp:attachment":[{"href":"https:\/\/camaleoparty.ch\/de\/wp-json\/wp\/v2\/media?parent=24660"}],"wp:term":[{"taxonomy":"product_cat","embeddable":true,"href":"https:\/\/camaleoparty.ch\/de\/wp-json\/wp\/v2\/product_cat?post=24660"},{"taxonomy":"product_tag","embeddable":true,"href":"https:\/\/camaleoparty.ch\/de\/wp-json\/wp\/v2\/product_tag?post=24660"}],"curies":[{"name":"wp","href":"https:\/\/api.w.org\/{rel}","templated":true}]}}