{"id":24643,"date":"2018-09-06T09:32:17","date_gmt":"2018-09-06T08:32:17","guid":{"rendered":"https:\/\/pikasworld.ch\/?post_type=product&#038;p=24643"},"modified":"2025-11-13T20:24:40","modified_gmt":"2025-11-13T19:24:40","slug":"papierblumen-rosa-3-stck","status":"publish","type":"product","link":"https:\/\/camaleoparty.ch\/de\/produkt\/papierblumen-rosa-3-stck\/","title":{"rendered":"Papierblumen rosa (3 Stck)"},"content":{"rendered":"<div class=\"desc col-xs-12 mb-20\">Beweist Euer Bastelgeschick und verzaubert Eure G\u00e4ste mit diesen filigranen DIY Papierblumen. Alles was Ihr f\u00fcr den Zusammenbau der Bl\u00fcten ben\u00f6tigt, ist im Lieferumfang enthalten. Einfach bestellen und loslegen.<\/div>\n<div class=\"afterdesc col-xs-12\"><\/div>\n<div class=\"col-xs-12 attribut\">\n<div>\n<div class=\"pull-left mgr-5 attr-label word-break Inhalt\">Inhalt:<\/div>\n<div class=\"attr-value\">12 Teile f\u00fcr 3 Bl\u00fcten, 12 Klebepunkte<\/div>\n<\/div>\n<\/div>\n","protected":false},"excerpt":{"rendered":"<div class=\"desc col-xs-12 mb-20\">Beweist Euer Bastelgeschick und verzaubert Eure G\u00e4ste mit diesen filigranen DIY Papierblumen. Alles was Ihr f\u00fcr den Zusammenbau der Bl\u00fcten ben\u00f6tigt, ist im Lieferumfang enthalten. Einfach bestellen und loslegen.<\/div>\n<div class=\"afterdesc col-xs-12\"><\/div>\n<div class=\"col-xs-12 attribut\">\n<div>\n<div class=\"pull-left mgr-5 attr-label word-break Inhalt\">Inhalt:<\/div>\n<div class=\"attr-value\">12 Teile f\u00fcr 3 Bl\u00fcten, 12 Klebepunkte<\/div>\n<\/div>\n<\/div>\n","protected":false},"featured_media":24641,"comment_status":"open","ping_status":"closed","template":"","meta":[],"product_cat":[708,185,163,155,399,191,1204,181,147],"product_tag":[],"class_list":{"0":"post-24643","1":"product","2":"type-product","3":"status-publish","4":"has-post-thumbnail","6":"product_cat-blumen","7":"product_cat-baby-shower-de","8":"product_cat-dekoration","9":"product_cat-diverses","10":"product_cat-federn","11":"product_cat-hochzeit","12":"product_cat-rosa","13":"product_cat-saisonal","14":"product_cat-verjaardags-en-feesttafelversieringen","16":"first","17":"instock","18":"taxable","19":"shipping-taxable","20":"purchasable","21":"product-type-simple"},"_links":{"self":[{"href":"https:\/\/camaleoparty.ch\/de\/wp-json\/wp\/v2\/product\/24643","targetHints":{"allow":["GET"]}}],"collection":[{"href":"https:\/\/camaleoparty.ch\/de\/wp-json\/wp\/v2\/product"}],"about":[{"href":"https:\/\/camaleoparty.ch\/de\/wp-json\/wp\/v2\/types\/product"}],"replies":[{"embeddable":true,"href":"https:\/\/camaleoparty.ch\/de\/wp-json\/wp\/v2\/comments?post=24643"}],"wp:featuredmedia":[{"embeddable":true,"href":"https:\/\/camaleoparty.ch\/de\/wp-json\/wp\/v2\/media\/24641"}],"wp:attachment":[{"href":"https:\/\/camaleoparty.ch\/de\/wp-json\/wp\/v2\/media?parent=24643"}],"wp:term":[{"taxonomy":"product_cat","embeddable":true,"href":"https:\/\/camaleoparty.ch\/de\/wp-json\/wp\/v2\/product_cat?post=24643"},{"taxonomy":"product_tag","embeddable":true,"href":"https:\/\/camaleoparty.ch\/de\/wp-json\/wp\/v2\/product_tag?post=24643"}],"curies":[{"name":"wp","href":"https:\/\/api.w.org\/{rel}","templated":true}]}}