{"id":24631,"date":"2018-09-05T16:38:01","date_gmt":"2018-09-05T15:40:14","guid":{"rendered":"https:\/\/pikasworld.ch\/?post_type=product&#038;p=24631"},"modified":"2024-11-08T14:14:00","modified_gmt":"2024-11-08T13:14:00","slug":"papierblumen-10-cm-in-rosa-3-stck","status":"publish","type":"product","link":"https:\/\/camaleoparty.ch\/de\/produkt\/papierblumen-10-cm-in-rosa-3-stck\/","title":{"rendered":"Papierblumen 10 cm in Rosa (3 Stck)"},"content":{"rendered":"<div class=\"desc col-xs-12 mb-20\">Mit diesen Deko Papierblumen setzt Ihr s\u00fc\u00dfe Farbtupfer in Eurer\u00a0<a class=\"kk_autolinker_link \" title=\"Hochzeitsdeko\" href=\"https:\/\/www.meine-hochzeitsdeko.de\/\" rel=\"noopener\">Hochzeitsdeko<\/a>. Die zarte rosa Farbe f\u00fcgt sich sanft in Eure nat\u00fcrliche Deko f\u00fcr die\u00a0<a class=\"kk_autolinker_link \" title=\"Vintage\" href=\"https:\/\/www.meine-hochzeitsdeko.de\/vintage-hochzeit\" rel=\"noopener\">Vintage<\/a>\u00a0oder Boho Hochzeit ein und beweist Liebe zum Detail. Ihr erhaltet in diesem Set 3 Blumen, die Ihr zusammensetzen und auffalten k\u00f6nnt.<\/div>\n<div class=\"afterdesc col-xs-12\"><\/div>\n<div class=\"col-xs-12 attribut\">\n<div>\n<div class=\"pull-left mgr-5 attr-label word-break Inhalt\">Inhalt:<\/div>\n<div class=\"attr-value\">18 Teile f\u00fcr 3 Bl\u00fcten, 18 Klebepunkte<\/div>\n<\/div>\n<\/div>\n","protected":false},"excerpt":{"rendered":"<div class=\"desc col-xs-12 mb-20\">Mit diesen Deko Papierblumen setzt Ihr s\u00fc\u00dfe Farbtupfer in Eurer\u00a0<a class=\"kk_autolinker_link \" title=\"Hochzeitsdeko\" href=\"https:\/\/www.meine-hochzeitsdeko.de\/\">Hochzeitsdeko<\/a>. Die zarte rosa Farbe f\u00fcgt sich sanft in Eure nat\u00fcrliche Deko f\u00fcr die\u00a0<a class=\"kk_autolinker_link \" title=\"Vintage\" href=\"https:\/\/www.meine-hochzeitsdeko.de\/vintage-hochzeit\">Vintage<\/a>\u00a0oder Boho Hochzeit ein und beweist Liebe zum Detail. Ihr erhaltet in diesem Set 3 Blumen, die Ihr zusammensetzen und auffalten k\u00f6nnt.<\/div>\n<div class=\"afterdesc col-xs-12\"><\/div>\n<div class=\"col-xs-12 attribut\">\n<div>\n<div class=\"pull-left mgr-5 attr-label word-break Inhalt\">Inhalt:<\/div>\n<div class=\"attr-value\">18 Teile f\u00fcr 3 Bl\u00fcten, 18 Klebepunkte<\/div>\n<\/div>\n<\/div>\n","protected":false},"featured_media":24629,"comment_status":"open","ping_status":"closed","template":"","meta":[],"product_cat":[185,708,163,155,399,191,181,147,193],"product_tag":[],"class_list":{"0":"post-24631","1":"product","2":"type-product","3":"status-publish","4":"has-post-thumbnail","6":"product_cat-baby-shower-de","7":"product_cat-blumen","8":"product_cat-dekoration","9":"product_cat-diverses","10":"product_cat-federn","11":"product_cat-hochzeit","12":"product_cat-saisonal","13":"product_cat-verjaardags-en-feesttafelversieringen","14":"product_cat-weihnachten","16":"first","17":"instock","18":"taxable","19":"shipping-taxable","20":"purchasable","21":"product-type-simple"},"_links":{"self":[{"href":"https:\/\/camaleoparty.ch\/de\/wp-json\/wp\/v2\/product\/24631","targetHints":{"allow":["GET"]}}],"collection":[{"href":"https:\/\/camaleoparty.ch\/de\/wp-json\/wp\/v2\/product"}],"about":[{"href":"https:\/\/camaleoparty.ch\/de\/wp-json\/wp\/v2\/types\/product"}],"replies":[{"embeddable":true,"href":"https:\/\/camaleoparty.ch\/de\/wp-json\/wp\/v2\/comments?post=24631"}],"wp:featuredmedia":[{"embeddable":true,"href":"https:\/\/camaleoparty.ch\/de\/wp-json\/wp\/v2\/media\/24629"}],"wp:attachment":[{"href":"https:\/\/camaleoparty.ch\/de\/wp-json\/wp\/v2\/media?parent=24631"}],"wp:term":[{"taxonomy":"product_cat","embeddable":true,"href":"https:\/\/camaleoparty.ch\/de\/wp-json\/wp\/v2\/product_cat?post=24631"},{"taxonomy":"product_tag","embeddable":true,"href":"https:\/\/camaleoparty.ch\/de\/wp-json\/wp\/v2\/product_tag?post=24631"}],"curies":[{"name":"wp","href":"https:\/\/api.w.org\/{rel}","templated":true}]}}