{"id":24593,"date":"2018-09-05T12:10:07","date_gmt":"2018-09-05T11:12:48","guid":{"rendered":"https:\/\/pikasworld.ch\/?post_type=product&#038;p=24593"},"modified":"2024-11-08T14:14:02","modified_gmt":"2024-11-08T13:14:02","slug":"folienballon-baby-weissgold","status":"publish","type":"product","link":"https:\/\/camaleoparty.ch\/de\/produkt\/folienballon-baby-weissgold\/","title":{"rendered":"Folienballon &#8222;baby&#8220; &#8211; wei\u00dfgold"},"content":{"rendered":"<p>Der goldene Baby-Folienballon in geschwungener Schreibschrift setzt Ihrer Babyparty-Dekoration &#8222;die Krone auf&#8220;! Als Highlight hinter Ihrem Sweet Table, kaltem B\u00fcffet oder Geschenketisch kommt der metallisch gl\u00e4nzende Folienballon gekonnt zur Geltung.<\/p>\n<p>Der Schriftzug-Ballon wird mit dem beiliegenden Plastikr\u00f6hrchen aufgeblasen, dieses nach der Bef\u00fcllung wieder herausgezogen, so dass der Ballon verschlossen ist. Mit dem mitgelieferten wei\u00dfen B\u00e4ndchen k\u00f6nnen Sie den Ballon im Handumdrehen befestigen.<\/p>\n<p>Gr\u00f6\u00dfe: ca. 86 x 77 cm<\/p>\n<p>Bitte beachten Sie: Dieser Folienballon eignet sich\u00a0<strong>nicht<\/strong>\u00a0f\u00fcr die F\u00fcllung mit Helium!<\/p>\n","protected":false},"excerpt":{"rendered":"<p>Der goldene Baby-Folienballon in geschwungener Schreibschrift setzt Ihrer Babyparty-Dekoration &#8222;die Krone auf&#8220;! Als Highlight hinter Ihrem Sweet Table, kaltem B\u00fcffet oder Geschenketisch kommt der metallisch gl\u00e4nzende Folienballon gekonnt zur Geltung.<\/p>\n<p>Der Schriftzug-Ballon wird mit dem beiliegenden Plastikr\u00f6hrchen aufgeblasen, dieses nach der Bef\u00fcllung wieder herausgezogen, so dass der Ballon verschlossen ist. Mit dem mitgelieferten wei\u00dfen B\u00e4ndchen k\u00f6nnen Sie den Ballon im Handumdrehen befestigen.<\/p>\n<p>Gr\u00f6\u00dfe: ca. 86 x 77 cm<\/p>\n<p>Bitte beachten Sie: Dieser Folienballon eignet sich\u00a0<strong>nicht<\/strong>\u00a0f\u00fcr die F\u00fcllung mit Helium!<\/p>\n","protected":false},"featured_media":24591,"comment_status":"open","ping_status":"closed","template":"","meta":[],"product_cat":[185,283,163,274,181],"product_tag":[],"class_list":{"0":"post-24593","1":"product","2":"type-product","3":"status-publish","4":"has-post-thumbnail","6":"product_cat-baby-shower-de","7":"product_cat-ballons-buchstaben-und-zahlen","8":"product_cat-dekoration","9":"product_cat-folienballons","10":"product_cat-saisonal","12":"first","13":"instock","14":"taxable","15":"shipping-taxable","16":"purchasable","17":"product-type-simple"},"_links":{"self":[{"href":"https:\/\/camaleoparty.ch\/de\/wp-json\/wp\/v2\/product\/24593","targetHints":{"allow":["GET"]}}],"collection":[{"href":"https:\/\/camaleoparty.ch\/de\/wp-json\/wp\/v2\/product"}],"about":[{"href":"https:\/\/camaleoparty.ch\/de\/wp-json\/wp\/v2\/types\/product"}],"replies":[{"embeddable":true,"href":"https:\/\/camaleoparty.ch\/de\/wp-json\/wp\/v2\/comments?post=24593"}],"wp:featuredmedia":[{"embeddable":true,"href":"https:\/\/camaleoparty.ch\/de\/wp-json\/wp\/v2\/media\/24591"}],"wp:attachment":[{"href":"https:\/\/camaleoparty.ch\/de\/wp-json\/wp\/v2\/media?parent=24593"}],"wp:term":[{"taxonomy":"product_cat","embeddable":true,"href":"https:\/\/camaleoparty.ch\/de\/wp-json\/wp\/v2\/product_cat?post=24593"},{"taxonomy":"product_tag","embeddable":true,"href":"https:\/\/camaleoparty.ch\/de\/wp-json\/wp\/v2\/product_tag?post=24593"}],"curies":[{"name":"wp","href":"https:\/\/api.w.org\/{rel}","templated":true}]}}