{"id":24587,"date":"2018-09-05T11:25:47","date_gmt":"2018-09-05T11:02:06","guid":{"rendered":"https:\/\/pikasworld.ch\/?post_type=product&#038;p=24587"},"modified":"2024-11-08T14:14:03","modified_gmt":"2024-11-08T13:14:03","slug":"script-folienballon-hello-rosegold","status":"publish","type":"product","link":"https:\/\/camaleoparty.ch\/de\/produkt\/script-folienballon-hello-rosegold\/","title":{"rendered":"Script-Folienballon &#8222;hello&#8220; &#8211; rosegold"},"content":{"rendered":"<p>Hello, Baby! Hello, Love! Mit diesem wundersch\u00f6nen Script-Folienballon setzen Sie gekonnt Ihre Party in Szene.<\/p>\n<p>Der rosegoldene und metallisch gl\u00e4nzende Folienballon als \u201ehello\u201c-Schriftzug kann einzeln oder in Kombination mit unseren anderen Schriftzug-Ballons zur edlen Dekoration Ihrer Baby Shower, Baby-Willkommens-Party oder Hochzeit verwendet werden.<\/p>\n<p>Der Schriftzug-Ballon wird mit dem beiliegenden Plastikr\u00f6hrchen aufgeblasen, dieses nach der Bef\u00fcllung wieder herausgezogen, so dass der Ballon verschlossen ist. Mit dem mitgelieferten wei\u00dfen B\u00e4ndchen k\u00f6nnen Sie den Ballon im Handumdrehen befestigen.<\/p>\n<p>Gr\u00f6\u00dfe: ca. 51 x 79 cm<\/p>\n<p>Bitte beachten Sie: Dieser Folienballon eignet sich\u00a0<strong>nicht<\/strong>\u00a0f\u00fcr die F\u00fcllung mit Helium!<\/p>\n","protected":false},"excerpt":{"rendered":"<p>Hello, Baby! Hello, Love! Mit diesem wundersch\u00f6nen Script-Folienballon setzen Sie gekonnt Ihre Party in Szene.<\/p>\n","protected":false},"featured_media":24585,"comment_status":"open","ping_status":"closed","template":"","meta":[],"product_cat":[283,163,274],"product_tag":[],"class_list":{"0":"post-24587","1":"product","2":"type-product","3":"status-publish","4":"has-post-thumbnail","6":"product_cat-ballons-buchstaben-und-zahlen","7":"product_cat-dekoration","8":"product_cat-folienballons","10":"first","11":"instock","12":"taxable","13":"shipping-taxable","14":"purchasable","15":"product-type-simple"},"_links":{"self":[{"href":"https:\/\/camaleoparty.ch\/de\/wp-json\/wp\/v2\/product\/24587","targetHints":{"allow":["GET"]}}],"collection":[{"href":"https:\/\/camaleoparty.ch\/de\/wp-json\/wp\/v2\/product"}],"about":[{"href":"https:\/\/camaleoparty.ch\/de\/wp-json\/wp\/v2\/types\/product"}],"replies":[{"embeddable":true,"href":"https:\/\/camaleoparty.ch\/de\/wp-json\/wp\/v2\/comments?post=24587"}],"wp:featuredmedia":[{"embeddable":true,"href":"https:\/\/camaleoparty.ch\/de\/wp-json\/wp\/v2\/media\/24585"}],"wp:attachment":[{"href":"https:\/\/camaleoparty.ch\/de\/wp-json\/wp\/v2\/media?parent=24587"}],"wp:term":[{"taxonomy":"product_cat","embeddable":true,"href":"https:\/\/camaleoparty.ch\/de\/wp-json\/wp\/v2\/product_cat?post=24587"},{"taxonomy":"product_tag","embeddable":true,"href":"https:\/\/camaleoparty.ch\/de\/wp-json\/wp\/v2\/product_tag?post=24587"}],"curies":[{"name":"wp","href":"https:\/\/api.w.org\/{rel}","templated":true}]}}