{"id":24245,"date":"2018-07-05T15:18:05","date_gmt":"2018-07-05T14:34:36","guid":{"rendered":"https:\/\/pikasworld.ch\/?post_type=product&#038;p=24245"},"modified":"2024-11-08T14:14:22","modified_gmt":"2024-11-08T13:14:22","slug":"babyfoto-souvenir-decke","status":"publish","type":"product","link":"https:\/\/camaleoparty.ch\/de\/produkt\/babyfoto-souvenir-decke\/","title":{"rendered":"Babyfoto Souvenir Decke"},"content":{"rendered":"<p>Suchen sie noch nach einer originellen Idee f\u00fcr Ihr Baby? Wie w\u00e4re es mit dieser Milestone Decke. Perfekt um jeden Moment aufzufangen wie Ihr Baby w\u00e4chst.<\/p>\n<p>&nbsp;<\/p>\n<p>Kommt mit Decke Pfeil und Kreis<\/p>\n","protected":false},"excerpt":{"rendered":"<p>Suchen sie noch nach einer originellen Idee f\u00fcr Ihr Baby? Wie w\u00e4re es mit dieser Milestone Decke. Perfekt um jeden Moment aufzufangen wie Ihr Baby w\u00e4chst.<\/p>\n<p>&nbsp;<\/p>\n<p>Kommt mit Decke Pfeil und Kreis<\/p>\n","protected":false},"featured_media":24243,"comment_status":"open","ping_status":"closed","template":"","meta":[],"product_cat":[132,185,142,181],"product_tag":[],"class_list":{"0":"post-24245","1":"product","2":"type-product","3":"status-publish","4":"has-post-thumbnail","6":"product_cat-animationen","7":"product_cat-baby-shower-de","8":"product_cat-photo-booth-de","9":"product_cat-saisonal","11":"first","12":"instock","13":"taxable","14":"shipping-taxable","15":"purchasable","16":"product-type-simple"},"_links":{"self":[{"href":"https:\/\/camaleoparty.ch\/de\/wp-json\/wp\/v2\/product\/24245","targetHints":{"allow":["GET"]}}],"collection":[{"href":"https:\/\/camaleoparty.ch\/de\/wp-json\/wp\/v2\/product"}],"about":[{"href":"https:\/\/camaleoparty.ch\/de\/wp-json\/wp\/v2\/types\/product"}],"replies":[{"embeddable":true,"href":"https:\/\/camaleoparty.ch\/de\/wp-json\/wp\/v2\/comments?post=24245"}],"wp:featuredmedia":[{"embeddable":true,"href":"https:\/\/camaleoparty.ch\/de\/wp-json\/wp\/v2\/media\/24243"}],"wp:attachment":[{"href":"https:\/\/camaleoparty.ch\/de\/wp-json\/wp\/v2\/media?parent=24245"}],"wp:term":[{"taxonomy":"product_cat","embeddable":true,"href":"https:\/\/camaleoparty.ch\/de\/wp-json\/wp\/v2\/product_cat?post=24245"},{"taxonomy":"product_tag","embeddable":true,"href":"https:\/\/camaleoparty.ch\/de\/wp-json\/wp\/v2\/product_tag?post=24245"}],"curies":[{"name":"wp","href":"https:\/\/api.w.org\/{rel}","templated":true}]}}