{"id":23915,"date":"2018-04-23T14:42:00","date_gmt":"2018-04-23T13:45:46","guid":{"rendered":"https:\/\/pikasworld.ch\/?post_type=product&#038;p=23915"},"modified":"2024-11-08T14:14:46","modified_gmt":"2024-11-08T13:14:46","slug":"party-becher-tropicale","status":"publish","type":"product","link":"https:\/\/camaleoparty.ch\/de\/produkt\/party-becher-tropicale\/","title":{"rendered":"Party Becher Tropicale"},"content":{"rendered":"<p>8 Party Becher Tropicale mit sch\u00f6nen tropischen Bl\u00e4ttern in Gr\u00fcn, rosarot und Gold<\/p>\n","protected":false},"excerpt":{"rendered":"<p>8 Party Becher Tropicale mit sch\u00f6nen tropischen Bl\u00e4ttern in Gr\u00fcn, rosarot und Gold<\/p>\n","protected":false},"featured_media":23836,"comment_status":"open","ping_status":"closed","template":"","meta":[],"product_cat":[157,215,343,1206,1204,1010,147],"product_tag":[],"class_list":{"0":"post-23915","1":"product","2":"type-product","3":"status-publish","4":"has-post-thumbnail","6":"product_brand-daydream-society-de","7":"product_cat-becher","8":"product_cat-dinosaurier","9":"product_cat-dschungel-und-safari","10":"product_cat-farbe-gruen","11":"product_cat-rosa","12":"product_cat-tropical-de","13":"product_cat-verjaardags-en-feesttafelversieringen","15":"first","16":"instock","17":"taxable","18":"shipping-taxable","19":"purchasable","20":"product-type-simple"},"_links":{"self":[{"href":"https:\/\/camaleoparty.ch\/de\/wp-json\/wp\/v2\/product\/23915","targetHints":{"allow":["GET"]}}],"collection":[{"href":"https:\/\/camaleoparty.ch\/de\/wp-json\/wp\/v2\/product"}],"about":[{"href":"https:\/\/camaleoparty.ch\/de\/wp-json\/wp\/v2\/types\/product"}],"replies":[{"embeddable":true,"href":"https:\/\/camaleoparty.ch\/de\/wp-json\/wp\/v2\/comments?post=23915"}],"wp:featuredmedia":[{"embeddable":true,"href":"https:\/\/camaleoparty.ch\/de\/wp-json\/wp\/v2\/media\/23836"}],"wp:attachment":[{"href":"https:\/\/camaleoparty.ch\/de\/wp-json\/wp\/v2\/media?parent=23915"}],"wp:term":[{"taxonomy":"product_cat","embeddable":true,"href":"https:\/\/camaleoparty.ch\/de\/wp-json\/wp\/v2\/product_cat?post=23915"},{"taxonomy":"product_tag","embeddable":true,"href":"https:\/\/camaleoparty.ch\/de\/wp-json\/wp\/v2\/product_tag?post=23915"}],"curies":[{"name":"wp","href":"https:\/\/api.w.org\/{rel}","templated":true}]}}