{"id":23554,"date":"2018-03-29T10:11:32","date_gmt":"2018-03-29T09:13:04","guid":{"rendered":"https:\/\/pikasworld.ch\/?post_type=product&#038;p=23554"},"modified":"2024-11-08T14:15:10","modified_gmt":"2024-11-08T13:15:10","slug":"photobooth-wegweiser-kreidetafel","status":"publish","type":"product","link":"https:\/\/camaleoparty.ch\/de\/produkt\/photobooth-wegweiser-kreidetafel\/","title":{"rendered":"Photobooth Wegweiser, Kreidetafel"},"content":{"rendered":"<p>H\u00fcbsche Wegweiser Tafel im Kreidetafel Look, damit deine G\u00e4ste den Photo Booth f\u00fcr lustige erinnerungsbilder ganz einfach finden. Funktioniert an einer party genauso wie an einer Hochzeit.<\/p>\n<p><strong>Inhalt:<\/strong>\u00a01 Holz Wegweiser, Kreidetafel-Look<br \/>\n<strong>Gr\u00f6sse:<\/strong>\u00a0ca. 25.5 cm (B)<\/p>\n","protected":false},"excerpt":{"rendered":"<p>H\u00fcbsche Wegweiser Tafel im Kreidetafel Look, damit deine G\u00e4ste den Photo Booth f\u00fcr lustige erinnerungsbilder ganz einfach finden. Funktioniert an einer party genauso wie an einer Hochzeit.<\/p>\n<p><strong>Inhalt:<\/strong>\u00a01 Holz Wegweiser, Kreidetafel-Look<br \/>\n<strong>Gr\u00f6sse:<\/strong>\u00a0ca. 25.5 cm (B)<\/p>\n","protected":false},"featured_media":23552,"comment_status":"open","ping_status":"closed","template":"","meta":[],"product_cat":[132,391,1198,1199,191,142,181],"product_tag":[],"class_list":{"0":"post-23554","1":"product","2":"type-product","3":"status-publish","4":"has-post-thumbnail","6":"product_cat-animationen","7":"product_cat-hen-party-polter-abend","8":"product_cat-hochzeit-de","9":"product_cat-hochzeit-de-2","10":"product_cat-hochzeit","11":"product_cat-photo-booth-de","12":"product_cat-saisonal","14":"first","15":"instock","16":"sale","17":"taxable","18":"shipping-taxable","19":"purchasable","20":"product-type-simple"},"_links":{"self":[{"href":"https:\/\/camaleoparty.ch\/de\/wp-json\/wp\/v2\/product\/23554","targetHints":{"allow":["GET"]}}],"collection":[{"href":"https:\/\/camaleoparty.ch\/de\/wp-json\/wp\/v2\/product"}],"about":[{"href":"https:\/\/camaleoparty.ch\/de\/wp-json\/wp\/v2\/types\/product"}],"replies":[{"embeddable":true,"href":"https:\/\/camaleoparty.ch\/de\/wp-json\/wp\/v2\/comments?post=23554"}],"wp:featuredmedia":[{"embeddable":true,"href":"https:\/\/camaleoparty.ch\/de\/wp-json\/wp\/v2\/media\/23552"}],"wp:attachment":[{"href":"https:\/\/camaleoparty.ch\/de\/wp-json\/wp\/v2\/media?parent=23554"}],"wp:term":[{"taxonomy":"product_cat","embeddable":true,"href":"https:\/\/camaleoparty.ch\/de\/wp-json\/wp\/v2\/product_cat?post=23554"},{"taxonomy":"product_tag","embeddable":true,"href":"https:\/\/camaleoparty.ch\/de\/wp-json\/wp\/v2\/product_tag?post=23554"}],"curies":[{"name":"wp","href":"https:\/\/api.w.org\/{rel}","templated":true}]}}