{"id":23541,"date":"2018-03-28T15:35:39","date_gmt":"2018-03-28T14:37:54","guid":{"rendered":"https:\/\/pikasworld.ch\/?post_type=product&#038;p=23541"},"modified":"2024-11-08T14:15:11","modified_gmt":"2024-11-08T13:15:11","slug":"wegweiser-holz-boho","status":"publish","type":"product","link":"https:\/\/camaleoparty.ch\/de\/produkt\/wegweiser-holz-boho\/","title":{"rendered":"Wegweiser, Holz, Boho"},"content":{"rendered":"<p>3 Wegweiser im Vintage Look, damit Deine G\u00e4ste die Photo Booth, die Tanzfl\u00e4che oder die Bar finden. Perfekt f\u00fcr eine Party oder eine Hochzeit, um alle G\u00e4ste in Empfang zu nehmen und willkommen zu heissen.<\/p>\n<p><strong>Inhalt:<\/strong>\u00a03 Holz Wegweiser, Boho Style, mit Juteband<br \/>\n<strong>Gr\u00f6sse:<\/strong><br \/>\nPhoto Booth\/Dancefloor: 31 cm (l) x 8 cm (h)<br \/>\nBar: 23 cm (l) x 10 cm (h).<\/p>\n","protected":false},"excerpt":{"rendered":"<p>3 Wegweiser im Vintage Look, damit Deine G\u00e4ste die Photo Booth, die Tanzfl\u00e4che oder die Bar finden. Perfekt f\u00fcr eine Party oder eine Hochzeit, um alle G\u00e4ste in Empfang zu nehmen und willkommen zu heissen.<\/p>\n<p><strong>Inhalt:<\/strong>\u00a03 Holz Wegweiser, Boho Style, mit Juteband<br \/>\n<strong>Gr\u00f6sse:<\/strong><br \/>\nPhoto Booth\/Dancefloor: 31 cm (l) x 8 cm (h)<br \/>\nBar: 23 cm (l) x 10 cm (h).<\/p>\n","protected":false},"featured_media":23539,"comment_status":"open","ping_status":"closed","template":"","meta":[],"product_cat":[132,163,191,142,181],"product_tag":[],"class_list":{"0":"post-23541","1":"product","2":"type-product","3":"status-publish","4":"has-post-thumbnail","6":"product_cat-animationen","7":"product_cat-dekoration","8":"product_cat-hochzeit","9":"product_cat-photo-booth-de","10":"product_cat-saisonal","12":"first","13":"instock","14":"sale","15":"taxable","16":"shipping-taxable","17":"purchasable","18":"product-type-simple"},"_links":{"self":[{"href":"https:\/\/camaleoparty.ch\/de\/wp-json\/wp\/v2\/product\/23541","targetHints":{"allow":["GET"]}}],"collection":[{"href":"https:\/\/camaleoparty.ch\/de\/wp-json\/wp\/v2\/product"}],"about":[{"href":"https:\/\/camaleoparty.ch\/de\/wp-json\/wp\/v2\/types\/product"}],"replies":[{"embeddable":true,"href":"https:\/\/camaleoparty.ch\/de\/wp-json\/wp\/v2\/comments?post=23541"}],"wp:featuredmedia":[{"embeddable":true,"href":"https:\/\/camaleoparty.ch\/de\/wp-json\/wp\/v2\/media\/23539"}],"wp:attachment":[{"href":"https:\/\/camaleoparty.ch\/de\/wp-json\/wp\/v2\/media?parent=23541"}],"wp:term":[{"taxonomy":"product_cat","embeddable":true,"href":"https:\/\/camaleoparty.ch\/de\/wp-json\/wp\/v2\/product_cat?post=23541"},{"taxonomy":"product_tag","embeddable":true,"href":"https:\/\/camaleoparty.ch\/de\/wp-json\/wp\/v2\/product_tag?post=23541"}],"curies":[{"name":"wp","href":"https:\/\/api.w.org\/{rel}","templated":true}]}}