{"id":23494,"date":"2018-03-26T13:03:00","date_gmt":"2018-03-26T12:06:28","guid":{"rendered":"https:\/\/pikasworld.ch\/?post_type=product&#038;p=23494"},"modified":"2024-11-08T14:15:12","modified_gmt":"2024-11-08T13:15:12","slug":"konfettis-karnaval","status":"publish","type":"product","link":"https:\/\/camaleoparty.ch\/de\/produkt\/konfettis-karnaval\/","title":{"rendered":"Konfettis Karnaval"},"content":{"rendered":"<p>Ein Pack voll mit Konfettis im Karneval Style. Perfekt f\u00fcr eine Tischdekoration f\u00fcr Ihr n\u00e4chstes Fest oder f\u00fcr zum basteln.<\/p>\n<p>&nbsp;<\/p>\n<p>140gr von Hand in den USA Gemacht,<\/p>\n","protected":false},"excerpt":{"rendered":"<p>Ein Pack voll mit Konfettis im Karneval Style. Perfekt f\u00fcr eine Tischdekoration f\u00fcr Ihr n\u00e4chstes Fest oder f\u00fcr zum basteln.<\/p>\n<p>&nbsp;<\/p>\n<p>140gr von Hand in den USA Gemacht,<\/p>\n","protected":false},"featured_media":23492,"comment_status":"open","ping_status":"closed","template":"","meta":[],"product_cat":[163,183,171,181],"product_tag":[],"class_list":{"0":"post-23494","1":"product","2":"type-product","3":"status-publish","4":"has-post-thumbnail","6":"product_cat-dekoration","7":"product_cat-geburtstag","8":"product_cat-konfetti","9":"product_cat-saisonal","11":"first","12":"instock","13":"taxable","14":"shipping-taxable","15":"purchasable","16":"product-type-simple"},"_links":{"self":[{"href":"https:\/\/camaleoparty.ch\/de\/wp-json\/wp\/v2\/product\/23494","targetHints":{"allow":["GET"]}}],"collection":[{"href":"https:\/\/camaleoparty.ch\/de\/wp-json\/wp\/v2\/product"}],"about":[{"href":"https:\/\/camaleoparty.ch\/de\/wp-json\/wp\/v2\/types\/product"}],"replies":[{"embeddable":true,"href":"https:\/\/camaleoparty.ch\/de\/wp-json\/wp\/v2\/comments?post=23494"}],"wp:featuredmedia":[{"embeddable":true,"href":"https:\/\/camaleoparty.ch\/de\/wp-json\/wp\/v2\/media\/23492"}],"wp:attachment":[{"href":"https:\/\/camaleoparty.ch\/de\/wp-json\/wp\/v2\/media?parent=23494"}],"wp:term":[{"taxonomy":"product_cat","embeddable":true,"href":"https:\/\/camaleoparty.ch\/de\/wp-json\/wp\/v2\/product_cat?post=23494"},{"taxonomy":"product_tag","embeddable":true,"href":"https:\/\/camaleoparty.ch\/de\/wp-json\/wp\/v2\/product_tag?post=23494"}],"curies":[{"name":"wp","href":"https:\/\/api.w.org\/{rel}","templated":true}]}}