{"id":23354,"date":"2018-03-08T17:30:17","date_gmt":"2018-03-08T16:33:14","guid":{"rendered":"https:\/\/pikasworld.ch\/?post_type=product&#038;p=23354"},"modified":"2024-11-08T14:15:21","modified_gmt":"2024-11-08T13:15:21","slug":"gender-reveal-riesenballon","status":"publish","type":"product","link":"https:\/\/camaleoparty.ch\/de\/produkt\/gender-reveal-riesenballon\/","title":{"rendered":"Gender Reveal Riesenballon"},"content":{"rendered":"<p>Boy or Girl? M\u00e4dchen oder Junge<br \/>\nDas ist hier die Frage. Wer das Geschlecht noch nicht verraten hat kann die Familie und die Freunde mit diesem Ballon \u00fcberraschen. Man f\u00fcllt ihn mit dem beiliegenden Konfetti in rosa oder blau. Wenn man ihn platzen l\u00e4sst verr\u00e4t man das Geschlecht des Kindes. Der Ballon kann zuss\u00e4tzlich noch mit den beiliegenden Tasseln in rosa und hellblau geschm\u00fcckt werden.<br \/>\nBallongr\u00f6\u00dfe ca. 90 cm<br \/>\nDer Ballon kann mit Helium oder Luft gef\u00fcllt werden<br \/>\nLieferumfang: 1 Ballon, Konfetti in rosa und hellblau, je 2 Tasseln in rosa und hellblau L\u00e4nge 20 cm, Band zum aufh\u00e4ngen ca. 1 Meter<\/p>\n","protected":false},"excerpt":{"rendered":"<p>Boy or Girl? M\u00e4dchen oder Junge<br \/>\nDas ist hier die Frage. Wer das Geschlecht noch nicht verraten hat kann die Familie und die Freunde mit diesem Ballon \u00fcberraschen. Man f\u00fcllt ihn mit dem beiliegenden Konfetti in rosa oder blau. Wenn man ihn platzen l\u00e4sst verr\u00e4t man das Geschlecht des Kindes. Der Ballon kann zuss\u00e4tzlich noch mit den beiliegenden Tasseln in rosa und hellblau geschm\u00fcckt werden.<br \/>\nBallongr\u00f6\u00dfe ca. 90 cm<br \/>\nDer Ballon kann mit Helium oder Luft gef\u00fcllt werden<br \/>\nLieferumfang: 1 Ballon, Konfetti in rosa und hellblau, je 2 Tasseln in rosa und hellblau L\u00e4nge 20 cm, Band zum aufh\u00e4ngen ca. 1 Meter<\/p>\n","protected":false},"featured_media":23352,"comment_status":"open","ping_status":"closed","template":"","meta":[],"product_cat":[185,165,163,385,181],"product_tag":[],"class_list":{"0":"post-23354","1":"product","2":"type-product","3":"status-publish","4":"has-post-thumbnail","6":"product_cat-baby-shower-de","7":"product_cat-ballone","8":"product_cat-dekoration","9":"product_cat-gender-reveal-party-de","10":"product_cat-saisonal","12":"first","13":"instock","14":"taxable","15":"shipping-taxable","16":"purchasable","17":"product-type-simple"},"_links":{"self":[{"href":"https:\/\/camaleoparty.ch\/de\/wp-json\/wp\/v2\/product\/23354","targetHints":{"allow":["GET"]}}],"collection":[{"href":"https:\/\/camaleoparty.ch\/de\/wp-json\/wp\/v2\/product"}],"about":[{"href":"https:\/\/camaleoparty.ch\/de\/wp-json\/wp\/v2\/types\/product"}],"replies":[{"embeddable":true,"href":"https:\/\/camaleoparty.ch\/de\/wp-json\/wp\/v2\/comments?post=23354"}],"wp:featuredmedia":[{"embeddable":true,"href":"https:\/\/camaleoparty.ch\/de\/wp-json\/wp\/v2\/media\/23352"}],"wp:attachment":[{"href":"https:\/\/camaleoparty.ch\/de\/wp-json\/wp\/v2\/media?parent=23354"}],"wp:term":[{"taxonomy":"product_cat","embeddable":true,"href":"https:\/\/camaleoparty.ch\/de\/wp-json\/wp\/v2\/product_cat?post=23354"},{"taxonomy":"product_tag","embeddable":true,"href":"https:\/\/camaleoparty.ch\/de\/wp-json\/wp\/v2\/product_tag?post=23354"}],"curies":[{"name":"wp","href":"https:\/\/api.w.org\/{rel}","templated":true}]}}