{"id":23339,"date":"2018-03-08T16:14:20","date_gmt":"2018-03-08T15:24:14","guid":{"rendered":"https:\/\/pikasworld.ch\/?post_type=product&#038;p=23339"},"modified":"2024-11-08T14:15:22","modified_gmt":"2024-11-08T13:15:22","slug":"transparente-ballons-mit-pinkem-konfetti-about-to-pop","status":"publish","type":"product","link":"https:\/\/camaleoparty.ch\/de\/produkt\/transparente-ballons-mit-pinkem-konfetti-about-to-pop\/","title":{"rendered":"Transparente Ballons mit pinkem Konfetti &#8222;About to Pop&#8220;"},"content":{"rendered":"<p>Dekorieren Sie Ihre Babyparty f\u00fcr ein M\u00e4dchen mit diesen stylischen Konfetti-Ballons mit der Aufschrift &#8222;About to Pop!&#8220;. Das pinke Konfetti in den transparenten Luftballons k\u00f6nnen Sie ganz zauberhaft zum Schweben bringen. Wenn Sie m\u00f6gen, lassen Sie die Ballons platzen und sorgen so f\u00fcr einen tollen Knalleffekt mit Konfetti-Regen!<\/p>\n<p>In schwarzer angesagter Script-Optic ist gro\u00df\u00a0&#8222;About to Pop!&#8220; auf die durchsichtigen Ballons gedruckt. Das Konfetti aus hauchd\u00fcnnem, pinkem Seidenpapier (Durchmesser ca. 1,6 cm) ist bereits in den Latex-Luftballons, die Sie mit Ballongas (Helium) oder mit Luft bef\u00fcllen k\u00f6nnen.<\/p>\n<p>Tipp: Durch Reiben der Ballons, beispielsweise an Ihrer Kleidung, bringen Sie Bewegung ins Geschehen &#8211; die statische Aufladung l\u00e4sst das pinke Konfetti im Inneren der Ballons wundervoll &#8222;tanzen&#8220;.<\/p>\n<p>Durchmesser: ca. 30 cm<\/p>\n<p>Inhalt: 5 St\u00fcck<\/p>\n","protected":false},"excerpt":{"rendered":"<p>Dekorieren Sie Ihre Babyparty f\u00fcr ein M\u00e4dchen mit diesen stylischen Konfetti-Ballons mit der Aufschrift &#8222;About to Pop!&#8220;. Das pinke Konfetti in den transparenten Luftballons k\u00f6nnen Sie ganz zauberhaft zum Schweben bringen. Wenn Sie m\u00f6gen, lassen Sie die Ballons platzen und sorgen so f\u00fcr einen tollen Knalleffekt mit Konfetti-Regen!<\/p>\n","protected":false},"featured_media":23337,"comment_status":"open","ping_status":"closed","template":"","meta":[],"product_cat":[185,165,163,181],"product_tag":[],"class_list":{"0":"post-23339","1":"product","2":"type-product","3":"status-publish","4":"has-post-thumbnail","6":"product_cat-baby-shower-de","7":"product_cat-ballone","8":"product_cat-dekoration","9":"product_cat-saisonal","11":"first","12":"instock","13":"sale","14":"taxable","15":"shipping-taxable","16":"purchasable","17":"product-type-simple"},"_links":{"self":[{"href":"https:\/\/camaleoparty.ch\/de\/wp-json\/wp\/v2\/product\/23339","targetHints":{"allow":["GET"]}}],"collection":[{"href":"https:\/\/camaleoparty.ch\/de\/wp-json\/wp\/v2\/product"}],"about":[{"href":"https:\/\/camaleoparty.ch\/de\/wp-json\/wp\/v2\/types\/product"}],"replies":[{"embeddable":true,"href":"https:\/\/camaleoparty.ch\/de\/wp-json\/wp\/v2\/comments?post=23339"}],"wp:featuredmedia":[{"embeddable":true,"href":"https:\/\/camaleoparty.ch\/de\/wp-json\/wp\/v2\/media\/23337"}],"wp:attachment":[{"href":"https:\/\/camaleoparty.ch\/de\/wp-json\/wp\/v2\/media?parent=23339"}],"wp:term":[{"taxonomy":"product_cat","embeddable":true,"href":"https:\/\/camaleoparty.ch\/de\/wp-json\/wp\/v2\/product_cat?post=23339"},{"taxonomy":"product_tag","embeddable":true,"href":"https:\/\/camaleoparty.ch\/de\/wp-json\/wp\/v2\/product_tag?post=23339"}],"curies":[{"name":"wp","href":"https:\/\/api.w.org\/{rel}","templated":true}]}}