{"id":23313,"date":"2018-03-07T16:54:00","date_gmt":"2018-03-07T15:58:21","guid":{"rendered":"https:\/\/pikasworld.ch\/?post_type=product&#038;p=23313"},"modified":"2024-11-08T14:15:29","modified_gmt":"2024-11-08T13:15:29","slug":"ballon-girlande-happy-birthday-rosegold","status":"publish","type":"product","link":"https:\/\/camaleoparty.ch\/de\/produkt\/ballon-girlande-happy-birthday-rosegold\/","title":{"rendered":"Ballon Girlande Happy Birthday Rosegold"},"content":{"rendered":"<p>Coole Ballongirlande als Deko f\u00fcr eine Party mit dem Schriftzug Happy Birthday. Die Buchstaben haben eine Gr\u00f6\u00dfe von ca. 34 cm. Es wird kein Helium ben\u00f6tigt. Die einzelnen Buchstaben k\u00f6nnen mit dem beiliegenden Strohhalm aufgeblasen werden.<br \/>\nEs wird auch ein 1,5 Meter Band zum Aufh\u00e4ngen der Girlande mitgeliefert.<br \/>\nFarbe rosegold<\/p>\n","protected":false},"excerpt":{"rendered":"<p>Coole Ballongirlande als Deko f\u00fcr eine Party mit dem Schriftzug Happy Birthday. Die Buchstaben haben eine Gr\u00f6\u00dfe von ca. 34 cm. Es wird kein Helium ben\u00f6tigt. Die einzelnen Buchstaben k\u00f6nnen mit dem beiliegenden Strohhalm aufgeblasen werden.<br \/>\nEs wird auch ein 1,5 Meter Band zum Aufh\u00e4ngen der Girlande mitgeliefert.<br \/>\nFarbe rosegold<\/p>\n","protected":false},"featured_media":23311,"comment_status":"open","ping_status":"closed","template":"","meta":[],"product_cat":[183,1286,163,274,175,181],"product_tag":[],"class_list":{"0":"post-23313","1":"product","2":"type-product","3":"status-publish","4":"has-post-thumbnail","6":"product_cat-geburtstag","7":"product_cat-banner-und-wimpel","8":"product_cat-dekoration","9":"product_cat-folienballons","10":"product_cat-girlanden","11":"product_cat-saisonal","13":"first","14":"instock","15":"sale","16":"taxable","17":"shipping-taxable","18":"purchasable","19":"product-type-simple"},"_links":{"self":[{"href":"https:\/\/camaleoparty.ch\/de\/wp-json\/wp\/v2\/product\/23313","targetHints":{"allow":["GET"]}}],"collection":[{"href":"https:\/\/camaleoparty.ch\/de\/wp-json\/wp\/v2\/product"}],"about":[{"href":"https:\/\/camaleoparty.ch\/de\/wp-json\/wp\/v2\/types\/product"}],"replies":[{"embeddable":true,"href":"https:\/\/camaleoparty.ch\/de\/wp-json\/wp\/v2\/comments?post=23313"}],"wp:featuredmedia":[{"embeddable":true,"href":"https:\/\/camaleoparty.ch\/de\/wp-json\/wp\/v2\/media\/23311"}],"wp:attachment":[{"href":"https:\/\/camaleoparty.ch\/de\/wp-json\/wp\/v2\/media?parent=23313"}],"wp:term":[{"taxonomy":"product_cat","embeddable":true,"href":"https:\/\/camaleoparty.ch\/de\/wp-json\/wp\/v2\/product_cat?post=23313"},{"taxonomy":"product_tag","embeddable":true,"href":"https:\/\/camaleoparty.ch\/de\/wp-json\/wp\/v2\/product_tag?post=23313"}],"curies":[{"name":"wp","href":"https:\/\/api.w.org\/{rel}","templated":true}]}}