{"id":22791,"date":"2018-02-14T15:43:00","date_gmt":"2018-02-14T14:44:43","guid":{"rendered":"https:\/\/pikasworld.ch\/?post_type=product&#038;p=22791"},"modified":"2024-11-08T14:17:09","modified_gmt":"2024-11-08T13:17:09","slug":"meri-meri-kirsch-becher","status":"publish","type":"product","link":"https:\/\/camaleoparty.ch\/de\/produkt\/meri-meri-kirsch-becher\/","title":{"rendered":"Meri Meri Kirsch becher"},"content":{"rendered":"<p>Kirsch Becher Set von Meri Meri<br \/>\nZuckers\u00fc\u00dfe Kirschdeko f\u00fcr besondere Tage.<\/p>\n<p>Prima f\u00fcr eine luftig, fruchtige Sommerparty. Sowohl f\u00fcr kalte und warme Getr\u00e4nke.<\/p>\n<p>Packung mit 12 St\u00fcck.<\/p>\n<p>Gr\u00f6\u00dfe: 260 ml<\/p>\n","protected":false},"excerpt":{"rendered":"<p>Kirsch Becher Set von Meri Meri<br \/>\nZuckers\u00fc\u00dfe Kirschdeko f\u00fcr besondere Tage.<\/p>\n<p>Prima f\u00fcr eine luftig, fruchtige Sommerparty. Sowohl f\u00fcr kalte und warme Getr\u00e4nke.<\/p>\n<p>Packung mit 12 St\u00fcck.<\/p>\n<p>Gr\u00f6\u00dfe: 260 ml<\/p>\n","protected":false},"featured_media":22789,"comment_status":"open","ping_status":"closed","template":"","meta":[],"product_cat":[157,1207,147],"product_tag":[],"class_list":{"0":"post-22791","1":"product","2":"type-product","3":"status-publish","4":"has-post-thumbnail","6":"product_cat-becher","7":"product_cat-farbe-rot","8":"product_cat-verjaardags-en-feesttafelversieringen","10":"first","11":"instock","12":"taxable","13":"shipping-taxable","14":"purchasable","15":"product-type-simple"},"_links":{"self":[{"href":"https:\/\/camaleoparty.ch\/de\/wp-json\/wp\/v2\/product\/22791","targetHints":{"allow":["GET"]}}],"collection":[{"href":"https:\/\/camaleoparty.ch\/de\/wp-json\/wp\/v2\/product"}],"about":[{"href":"https:\/\/camaleoparty.ch\/de\/wp-json\/wp\/v2\/types\/product"}],"replies":[{"embeddable":true,"href":"https:\/\/camaleoparty.ch\/de\/wp-json\/wp\/v2\/comments?post=22791"}],"wp:featuredmedia":[{"embeddable":true,"href":"https:\/\/camaleoparty.ch\/de\/wp-json\/wp\/v2\/media\/22789"}],"wp:attachment":[{"href":"https:\/\/camaleoparty.ch\/de\/wp-json\/wp\/v2\/media?parent=22791"}],"wp:term":[{"taxonomy":"product_cat","embeddable":true,"href":"https:\/\/camaleoparty.ch\/de\/wp-json\/wp\/v2\/product_cat?post=22791"},{"taxonomy":"product_tag","embeddable":true,"href":"https:\/\/camaleoparty.ch\/de\/wp-json\/wp\/v2\/product_tag?post=22791"}],"curies":[{"name":"wp","href":"https:\/\/api.w.org\/{rel}","templated":true}]}}