{"id":22596,"date":"2018-01-18T16:06:44","date_gmt":"2018-01-18T15:11:43","guid":{"rendered":"https:\/\/pikasworld.ch\/?post_type=product&#038;p=22596"},"modified":"2024-11-08T14:17:25","modified_gmt":"2024-11-08T13:17:25","slug":"lippen-girlande-meri-meri","status":"publish","type":"product","link":"https:\/\/camaleoparty.ch\/de\/produkt\/lippen-girlande-meri-meri\/","title":{"rendered":"Lippen Girlande Meri meri"},"content":{"rendered":"<p>Diese sch\u00f6ne Girlande aus zarten Seidenpapier-Lippen rundet die Valentinstagsdekoration wunderbar ab &#8211; und sieht auch danach als Zimmerdeko wunderbar aus. Egal wo sie h\u00e4ngt, die Lippengirlande in sanften Rosa und Rott\u00f6nen f\u00fcllt den Raum mit Liebe.<\/p>\n<p>Die Packung enth\u00e4lt eine Girlande.<br \/>\nL\u00e4nge: ca. 2.75 m<\/p>\n","protected":false},"excerpt":{"rendered":"<p>Diese sch\u00f6ne Girlande aus zarten Seidenpapier-Lippen rundet die Valentinstagsdekoration wunderbar ab &#8211; und sieht auch danach als Zimmerdeko wunderbar aus. Egal wo sie h\u00e4ngt, die Lippengirlande in sanften Rosa und Rott\u00f6nen f\u00fcllt den Raum mit Liebe.<\/p>\n<p>Die Packung enth\u00e4lt eine Girlande.<br \/>\nL\u00e4nge: ca. 2.75 m<\/p>\n","protected":false},"featured_media":22594,"comment_status":"open","ping_status":"closed","template":"","meta":[],"product_cat":[163,175,181,1166],"product_tag":[],"class_list":{"0":"post-22596","1":"product","2":"type-product","3":"status-publish","4":"has-post-thumbnail","6":"product_cat-dekoration","7":"product_cat-girlanden","8":"product_cat-saisonal","9":"product_cat-valentinstag","11":"first","12":"instock","13":"taxable","14":"shipping-taxable","15":"purchasable","16":"product-type-simple"},"_links":{"self":[{"href":"https:\/\/camaleoparty.ch\/de\/wp-json\/wp\/v2\/product\/22596","targetHints":{"allow":["GET"]}}],"collection":[{"href":"https:\/\/camaleoparty.ch\/de\/wp-json\/wp\/v2\/product"}],"about":[{"href":"https:\/\/camaleoparty.ch\/de\/wp-json\/wp\/v2\/types\/product"}],"replies":[{"embeddable":true,"href":"https:\/\/camaleoparty.ch\/de\/wp-json\/wp\/v2\/comments?post=22596"}],"wp:featuredmedia":[{"embeddable":true,"href":"https:\/\/camaleoparty.ch\/de\/wp-json\/wp\/v2\/media\/22594"}],"wp:attachment":[{"href":"https:\/\/camaleoparty.ch\/de\/wp-json\/wp\/v2\/media?parent=22596"}],"wp:term":[{"taxonomy":"product_cat","embeddable":true,"href":"https:\/\/camaleoparty.ch\/de\/wp-json\/wp\/v2\/product_cat?post=22596"},{"taxonomy":"product_tag","embeddable":true,"href":"https:\/\/camaleoparty.ch\/de\/wp-json\/wp\/v2\/product_tag?post=22596"}],"curies":[{"name":"wp","href":"https:\/\/api.w.org\/{rel}","templated":true}]}}