{"id":22575,"date":"2018-01-17T12:58:18","date_gmt":"2018-01-17T12:00:36","guid":{"rendered":"https:\/\/pikasworld.ch\/?post_type=product&#038;p=22575"},"modified":"2024-11-08T14:17:26","modified_gmt":"2024-11-08T13:17:26","slug":"herz-neon-ballons","status":"publish","type":"product","link":"https:\/\/camaleoparty.ch\/de\/produkt\/herz-neon-ballons\/","title":{"rendered":"Herz Neon Ballons"},"content":{"rendered":"<p>Die perfekten Ballons f\u00fcr deine Valentintagsparty voller Spass! Die Ballons sind mit kleinen Neonherzen bedruckt und sorgen richtig f\u00fcr Partylaune. Das Set enth\u00e4lt acht Ballons und goldene Schn\u00fcre f\u00fcr das perfekte Finish.<\/p>\n<p>Gr\u00f6sse Ballons: 30 cm Durchmesser<\/p>\n","protected":false},"excerpt":{"rendered":"<p>Die perfekten Ballons f\u00fcr deine Valentintagsparty voller Spass! Die Ballons sind mit kleinen Neonherzen bedruckt und sorgen richtig f\u00fcr Partylaune. Das Set enth\u00e4lt acht Ballons und goldene Schn\u00fcre f\u00fcr das perfekte Finish.<\/p>\n<p>Gr\u00f6sse Ballons: 30 cm Durchmesser<\/p>\n","protected":false},"featured_media":22573,"comment_status":"open","ping_status":"closed","template":"","meta":[],"product_cat":[165,163,181,555,1166],"product_tag":[],"class_list":{"0":"post-22575","1":"product","2":"type-product","3":"status-publish","4":"has-post-thumbnail","6":"product_cat-ballone","7":"product_cat-dekoration","8":"product_cat-saisonal","9":"product_cat-sale-de-2","10":"product_cat-valentinstag","12":"first","13":"instock","14":"sale","15":"taxable","16":"shipping-taxable","17":"purchasable","18":"product-type-simple"},"_links":{"self":[{"href":"https:\/\/camaleoparty.ch\/de\/wp-json\/wp\/v2\/product\/22575","targetHints":{"allow":["GET"]}}],"collection":[{"href":"https:\/\/camaleoparty.ch\/de\/wp-json\/wp\/v2\/product"}],"about":[{"href":"https:\/\/camaleoparty.ch\/de\/wp-json\/wp\/v2\/types\/product"}],"replies":[{"embeddable":true,"href":"https:\/\/camaleoparty.ch\/de\/wp-json\/wp\/v2\/comments?post=22575"}],"wp:featuredmedia":[{"embeddable":true,"href":"https:\/\/camaleoparty.ch\/de\/wp-json\/wp\/v2\/media\/22573"}],"wp:attachment":[{"href":"https:\/\/camaleoparty.ch\/de\/wp-json\/wp\/v2\/media?parent=22575"}],"wp:term":[{"taxonomy":"product_cat","embeddable":true,"href":"https:\/\/camaleoparty.ch\/de\/wp-json\/wp\/v2\/product_cat?post=22575"},{"taxonomy":"product_tag","embeddable":true,"href":"https:\/\/camaleoparty.ch\/de\/wp-json\/wp\/v2\/product_tag?post=22575"}],"curies":[{"name":"wp","href":"https:\/\/api.w.org\/{rel}","templated":true}]}}