{"id":22555,"date":"2018-01-06T12:20:59","date_gmt":"2018-01-06T11:24:05","guid":{"rendered":"https:\/\/pikasworld.ch\/?post_type=product&#038;p=22555"},"modified":"2024-11-08T14:17:27","modified_gmt":"2024-11-08T13:17:27","slug":"rosetten-set-einhorn-pastel","status":"publish","type":"product","link":"https:\/\/camaleoparty.ch\/de\/produkt\/rosetten-set-einhorn-pastel\/","title":{"rendered":"Rosetten-Set Einhorn Pastel"},"content":{"rendered":"<p>Unser dreiteiliges Papierf\u00e4cher-Set beinhaltet drei Rosetten in drei verschiedenen Gr\u00f6\u00dfen und Designs mit jeweils einem wei\u00dfen Bindfaden zum Aufh\u00e4ngen.<\/p>\n<p>Inhalt:<\/p>\n<ul>\n<li>eine kleine Rosette in Pastellblau mit silber-gl\u00e4nzendem Rand mit einem Durchmesser von 21 cm<\/li>\n<li>eine mittelgro\u00dfe Rosette in Rosa mit silber-gl\u00e4nzendem Rand mit einem Durchmesser von\u00a025 cm,<\/li>\n<li>eine gro\u00dfe Rosette in verschiedenen Pastellt\u00f6nen mit\u00a0silber-gl\u00e4nzendem Rand mit einem Durchmesser von\u00a030 cm<\/li>\n<\/ul>\n<p>Als Sweet Table Hintergrund, verteilt im Raum oder im Farb-Mix mit unseren anderen Rosetten-Sets, ergeben die Papierf\u00e4cher im Handumdrehen eine traumhaft sch\u00f6ne Partydeko.<\/p>\n","protected":false},"excerpt":{"rendered":"<p>Unser dreiteiliges Papierf\u00e4cher-Set beinhaltet drei Rosetten in drei verschiedenen Gr\u00f6\u00dfen und Designs mit jeweils einem wei\u00dfen Bindfaden zum Aufh\u00e4ngen.<\/p>\n","protected":false},"featured_media":22553,"comment_status":"open","ping_status":"closed","template":"","meta":[],"product_cat":[163,221,169],"product_tag":[],"class_list":{"0":"post-22555","1":"product","2":"type-product","3":"status-publish","4":"has-post-thumbnail","6":"product_cat-dekoration","7":"product_cat-einhorn","8":"product_cat-wabenball","10":"first","11":"instock","12":"taxable","13":"shipping-taxable","14":"purchasable","15":"product-type-simple"},"_links":{"self":[{"href":"https:\/\/camaleoparty.ch\/de\/wp-json\/wp\/v2\/product\/22555","targetHints":{"allow":["GET"]}}],"collection":[{"href":"https:\/\/camaleoparty.ch\/de\/wp-json\/wp\/v2\/product"}],"about":[{"href":"https:\/\/camaleoparty.ch\/de\/wp-json\/wp\/v2\/types\/product"}],"replies":[{"embeddable":true,"href":"https:\/\/camaleoparty.ch\/de\/wp-json\/wp\/v2\/comments?post=22555"}],"wp:featuredmedia":[{"embeddable":true,"href":"https:\/\/camaleoparty.ch\/de\/wp-json\/wp\/v2\/media\/22553"}],"wp:attachment":[{"href":"https:\/\/camaleoparty.ch\/de\/wp-json\/wp\/v2\/media?parent=22555"}],"wp:term":[{"taxonomy":"product_cat","embeddable":true,"href":"https:\/\/camaleoparty.ch\/de\/wp-json\/wp\/v2\/product_cat?post=22555"},{"taxonomy":"product_tag","embeddable":true,"href":"https:\/\/camaleoparty.ch\/de\/wp-json\/wp\/v2\/product_tag?post=22555"}],"curies":[{"name":"wp","href":"https:\/\/api.w.org\/{rel}","templated":true}]}}