{"id":22549,"date":"2018-01-06T11:20:37","date_gmt":"2018-01-06T10:36:20","guid":{"rendered":"https:\/\/pikasworld.ch\/?post_type=product&#038;p=22549"},"modified":"2024-11-08T14:17:28","modified_gmt":"2024-11-08T13:17:28","slug":"stern-girlande-pastel-einhorn","status":"publish","type":"product","link":"https:\/\/camaleoparty.ch\/de\/produkt\/stern-girlande-pastel-einhorn\/","title":{"rendered":"Stern Girlande Pastel Einhorn"},"content":{"rendered":"<p>Zaubern Sie sich eine magische Dekoration mit der DIY-Sterngirlande in zarten Pastellt\u00f6nen. Die Sterne in zwei verschiedenen Designs sind hinter dem Sweet Table zum Einhorn-Geburtstag oder f\u00fcr den Geburtstagstisch in Pastell eine zauberhafte Erg\u00e4nzung.<\/p>\n<p>Um Ihre Girlande fertigzustellen, m\u00fcssen sie nur die Sterne aus Karton auf das Band f\u00e4deln und aufh\u00e4ngen.<\/p>\n<p>Das DIY-Girlanden-Set enth\u00e4lt:<\/p>\n<ul>\n<li>f\u00fcnf Pappsterne in Pastell (Durchmesser: ca. 9 cm)<\/li>\n<li>f\u00fcnf ausgestanzte Pappsterne in Pastell (Durchmesser ca. 13 cm)<\/li>\n<li>silber-glitzerndes Band (ca. 2 m lang)<\/li>\n<\/ul>\n","protected":false},"excerpt":{"rendered":"<p>Zaubern Sie sich eine magische Dekoration mit der DIY-Sterngirlande in zarten Pastellt\u00f6nen. Die Sterne in zwei verschiedenen Designs sind hinter dem Sweet Table zum Einhorn-Geburtstag oder f\u00fcr den Geburtstagstisch in Pastell eine zauberhafte Erg\u00e4nzung.<\/p>\n","protected":false},"featured_media":22544,"comment_status":"open","ping_status":"closed","template":"","meta":[],"product_cat":[163,221,175],"product_tag":[],"class_list":{"0":"post-22549","1":"product","2":"type-product","3":"status-publish","4":"has-post-thumbnail","6":"product_cat-dekoration","7":"product_cat-einhorn","8":"product_cat-girlanden","10":"first","11":"instock","12":"featured","13":"taxable","14":"shipping-taxable","15":"purchasable","16":"product-type-simple"},"_links":{"self":[{"href":"https:\/\/camaleoparty.ch\/de\/wp-json\/wp\/v2\/product\/22549","targetHints":{"allow":["GET"]}}],"collection":[{"href":"https:\/\/camaleoparty.ch\/de\/wp-json\/wp\/v2\/product"}],"about":[{"href":"https:\/\/camaleoparty.ch\/de\/wp-json\/wp\/v2\/types\/product"}],"replies":[{"embeddable":true,"href":"https:\/\/camaleoparty.ch\/de\/wp-json\/wp\/v2\/comments?post=22549"}],"wp:featuredmedia":[{"embeddable":true,"href":"https:\/\/camaleoparty.ch\/de\/wp-json\/wp\/v2\/media\/22544"}],"wp:attachment":[{"href":"https:\/\/camaleoparty.ch\/de\/wp-json\/wp\/v2\/media?parent=22549"}],"wp:term":[{"taxonomy":"product_cat","embeddable":true,"href":"https:\/\/camaleoparty.ch\/de\/wp-json\/wp\/v2\/product_cat?post=22549"},{"taxonomy":"product_tag","embeddable":true,"href":"https:\/\/camaleoparty.ch\/de\/wp-json\/wp\/v2\/product_tag?post=22549"}],"curies":[{"name":"wp","href":"https:\/\/api.w.org\/{rel}","templated":true}]}}