{"id":21580,"date":"2017-10-02T14:48:18","date_gmt":"2017-10-02T14:00:58","guid":{"rendered":"https:\/\/pikasworld.ch\/?post_type=product&#038;p=21580"},"modified":"2024-11-08T14:18:04","modified_gmt":"2024-11-08T13:18:04","slug":"hello-world-servietten-in-goldrosa-und-minze","status":"publish","type":"product","link":"https:\/\/camaleoparty.ch\/de\/produkt\/hello-world-servietten-in-goldrosa-und-minze\/","title":{"rendered":"Hello World Servietten in Goldrosa und Minze"},"content":{"rendered":"<p>S\u00fc\u00dfe Servietten f\u00fcr eine Babyparty mit dem Spruch &#8222;Hello World&#8220;.<br \/>\nEs werden 20 Servietten 3 lagig mit einem hochwertigen Foliendruck in rosegold geliefert.<br \/>\nServiettengr\u00f6\u00dfe ca. 33 cm<\/p>\n","protected":false},"excerpt":{"rendered":"<p>S\u00fc\u00dfe Servietten f\u00fcr eine Babyparty mit dem Spruch &#8222;Hello World&#8220;.<br \/>\nEs werden 20 Servietten 3 lagig mit einem hochwertigen Foliendruck in rosegold geliefert.<br \/>\nServiettengr\u00f6\u00dfe ca. 33 cm<\/p>\n","protected":false},"featured_media":21578,"comment_status":"open","ping_status":"closed","template":"","meta":[],"product_cat":[161,147],"product_tag":[],"class_list":{"0":"post-21580","1":"product","2":"type-product","3":"status-publish","4":"has-post-thumbnail","6":"product_brand-gingerray-de","7":"product_cat-servietten","8":"product_cat-verjaardags-en-feesttafelversieringen","10":"first","11":"instock","12":"sale","13":"taxable","14":"shipping-taxable","15":"purchasable","16":"product-type-simple"},"_links":{"self":[{"href":"https:\/\/camaleoparty.ch\/de\/wp-json\/wp\/v2\/product\/21580","targetHints":{"allow":["GET"]}}],"collection":[{"href":"https:\/\/camaleoparty.ch\/de\/wp-json\/wp\/v2\/product"}],"about":[{"href":"https:\/\/camaleoparty.ch\/de\/wp-json\/wp\/v2\/types\/product"}],"replies":[{"embeddable":true,"href":"https:\/\/camaleoparty.ch\/de\/wp-json\/wp\/v2\/comments?post=21580"}],"wp:featuredmedia":[{"embeddable":true,"href":"https:\/\/camaleoparty.ch\/de\/wp-json\/wp\/v2\/media\/21578"}],"wp:attachment":[{"href":"https:\/\/camaleoparty.ch\/de\/wp-json\/wp\/v2\/media?parent=21580"}],"wp:term":[{"taxonomy":"product_cat","embeddable":true,"href":"https:\/\/camaleoparty.ch\/de\/wp-json\/wp\/v2\/product_cat?post=21580"},{"taxonomy":"product_tag","embeddable":true,"href":"https:\/\/camaleoparty.ch\/de\/wp-json\/wp\/v2\/product_tag?post=21580"}],"curies":[{"name":"wp","href":"https:\/\/api.w.org\/{rel}","templated":true}]}}