{"id":21489,"date":"2017-09-04T14:46:26","date_gmt":"2017-09-04T13:48:57","guid":{"rendered":"https:\/\/pikasworld.ch\/?post_type=product&#038;p=21489"},"modified":"2024-11-08T14:18:07","modified_gmt":"2024-11-08T13:18:07","slug":"mini-pinata-einhorn","status":"publish","type":"product","link":"https:\/\/camaleoparty.ch\/de\/produkt\/mini-pinata-einhorn\/","title":{"rendered":"Mini Pinata Einhorn"},"content":{"rendered":"<p>Herzige Einhorn Pinata als Highlight an deiner Einhorn Geburtagsparty. Diese Pull-Pinata l\u00e4sst sich leicht mit kleinen Geschenken, Konfetti oder kleinen S\u00fcssigkeiten f\u00fcllen. Die Kinder d\u00fcrfen eins nach dem anderen an einem Faden ziehen. Nur einer davon \u00f6ffnet die Lucke zu den begehrten Mitgebseln.<\/p>\n<p>Inhalt:\u00a01 Pull-Pinata, Einhorn<br \/>\nGr\u00f6sse:\u00a0ca.\u00a010 x 25 x 20 cm<\/p>\n","protected":false},"excerpt":{"rendered":"<p>Herzige Einhorn Pinata als Highlight an deiner Einhorn Geburtagsparty. Diese Pull-Pinata l\u00e4sst sich leicht mit kleinen Geschenken, Konfetti oder kleinen S\u00fcssigkeiten f\u00fcllen. Die Kinder d\u00fcrfen eins nach dem anderen an einem Faden ziehen. Nur einer davon \u00f6ffnet die Lucke zu den begehrten Mitgebseln.<\/p>\n<p>Inhalt:\u00a01 Pull-Pinata, Einhorn<br \/>\nGr\u00f6sse:\u00a0ca.\u00a010 x 25 x 20 cm<\/p>\n","protected":false},"featured_media":21487,"comment_status":"open","ping_status":"closed","template":"","meta":[],"product_cat":[132,163,221,895,179,555,147],"product_tag":[],"class_list":{"0":"post-21489","1":"product","2":"type-product","3":"status-publish","4":"has-post-thumbnail","6":"product_brand-talkingtables-de","7":"product_cat-animationen","8":"product_cat-dekoration","9":"product_cat-einhorn","10":"product_cat-lagerabbau","11":"product_cat-pinatas-de-2","12":"product_cat-sale-de-2","13":"product_cat-verjaardags-en-feesttafelversieringen","15":"first","16":"instock","17":"sale","18":"taxable","19":"shipping-taxable","20":"purchasable","21":"product-type-simple"},"_links":{"self":[{"href":"https:\/\/camaleoparty.ch\/de\/wp-json\/wp\/v2\/product\/21489","targetHints":{"allow":["GET"]}}],"collection":[{"href":"https:\/\/camaleoparty.ch\/de\/wp-json\/wp\/v2\/product"}],"about":[{"href":"https:\/\/camaleoparty.ch\/de\/wp-json\/wp\/v2\/types\/product"}],"replies":[{"embeddable":true,"href":"https:\/\/camaleoparty.ch\/de\/wp-json\/wp\/v2\/comments?post=21489"}],"wp:featuredmedia":[{"embeddable":true,"href":"https:\/\/camaleoparty.ch\/de\/wp-json\/wp\/v2\/media\/21487"}],"wp:attachment":[{"href":"https:\/\/camaleoparty.ch\/de\/wp-json\/wp\/v2\/media?parent=21489"}],"wp:term":[{"taxonomy":"product_cat","embeddable":true,"href":"https:\/\/camaleoparty.ch\/de\/wp-json\/wp\/v2\/product_cat?post=21489"},{"taxonomy":"product_tag","embeddable":true,"href":"https:\/\/camaleoparty.ch\/de\/wp-json\/wp\/v2\/product_tag?post=21489"}],"curies":[{"name":"wp","href":"https:\/\/api.w.org\/{rel}","templated":true}]}}