{"id":21148,"date":"2017-04-26T12:41:56","date_gmt":"2017-04-26T11:44:29","guid":{"rendered":"https:\/\/pikasworld.ch\/?post_type=product&#038;p=21148"},"modified":"2024-11-08T14:18:18","modified_gmt":"2024-11-08T13:18:18","slug":"kerze-zahl-8-konfetti","status":"publish","type":"product","link":"https:\/\/camaleoparty.ch\/de\/produkt\/kerze-zahl-8-konfetti\/","title":{"rendered":"Kerze Zahl 8 Konfetti"},"content":{"rendered":"<p>S\u00fc\u00dfe wei\u00dfe Kerze mit bunten Punkten in Form der \u00a0Zahl 8.<br \/>\nH\u00f6he ca. 9 cm<br \/>\nIm Shop gibt es die Zahlen 0 \u2013 9. So k\u00f6nnen Sie sich das passende Alter selber zusammenstellen.<\/p>\n","protected":false},"excerpt":{"rendered":"<p>S\u00fc\u00dfe wei\u00dfe Kerze mit bunten Punkten in Form der \u00a0Zahl 8.<br \/>\nH\u00f6he ca. 9 cm<br \/>\nIm Shop gibt es die Zahlen 0 \u2013 9. So k\u00f6nnen Sie sich das passende Alter selber zusammenstellen.<\/p>\n","protected":false},"featured_media":20557,"comment_status":"open","ping_status":"closed","template":"","meta":[],"product_cat":[163,167,895,555],"product_tag":[],"class_list":{"0":"post-21148","1":"product","2":"type-product","3":"status-publish","4":"has-post-thumbnail","6":"product_cat-dekoration","7":"product_cat-kerzen","8":"product_cat-lagerabbau","9":"product_cat-sale-de-2","11":"first","12":"instock","13":"sale","14":"taxable","15":"shipping-taxable","16":"purchasable","17":"product-type-simple"},"_links":{"self":[{"href":"https:\/\/camaleoparty.ch\/de\/wp-json\/wp\/v2\/product\/21148","targetHints":{"allow":["GET"]}}],"collection":[{"href":"https:\/\/camaleoparty.ch\/de\/wp-json\/wp\/v2\/product"}],"about":[{"href":"https:\/\/camaleoparty.ch\/de\/wp-json\/wp\/v2\/types\/product"}],"replies":[{"embeddable":true,"href":"https:\/\/camaleoparty.ch\/de\/wp-json\/wp\/v2\/comments?post=21148"}],"wp:featuredmedia":[{"embeddable":true,"href":"https:\/\/camaleoparty.ch\/de\/wp-json\/wp\/v2\/media\/20557"}],"wp:attachment":[{"href":"https:\/\/camaleoparty.ch\/de\/wp-json\/wp\/v2\/media?parent=21148"}],"wp:term":[{"taxonomy":"product_cat","embeddable":true,"href":"https:\/\/camaleoparty.ch\/de\/wp-json\/wp\/v2\/product_cat?post=21148"},{"taxonomy":"product_tag","embeddable":true,"href":"https:\/\/camaleoparty.ch\/de\/wp-json\/wp\/v2\/product_tag?post=21148"}],"curies":[{"name":"wp","href":"https:\/\/api.w.org\/{rel}","templated":true}]}}