{"id":21037,"date":"2017-04-21T13:24:58","date_gmt":"2017-04-21T12:30:05","guid":{"rendered":"https:\/\/pikasworld.ch\/?post_type=product&#038;p=21037"},"modified":"2024-11-08T14:18:27","modified_gmt":"2024-11-08T13:18:27","slug":"luftmatratze-flamingo","status":"publish","type":"product","link":"https:\/\/camaleoparty.ch\/de\/produkt\/luftmatratze-flamingo\/","title":{"rendered":"Luftmatratze Flamingo"},"content":{"rendered":"<p>Diese Luftmatratze in Form eines Flamingo\u00a0von Sunnylife ist das absolute Highlight f\u00fcr diesen Sommer. Perfekt f\u00fcr eine Pool Party, f\u00fcr Ferien am Meer oder am See oder einfach im Pool daheim.<\/p>\n<p>130 x 154 x 113 cm<\/p>\n","protected":false},"excerpt":{"rendered":"<p>Diese Luftmatratze in Form eines\u00a0Flamingo\u00a0von Sunnylife ist das absolute Highlight f\u00fcr diesen Sommer. Perfekt f\u00fcr eine Pool Party, f\u00fcr Ferien am Meer oder am See oder einfach im Pool daheim.<\/p>\n<p>130 x 154 x 113 cm<\/p>\n","protected":false},"featured_media":20961,"comment_status":"open","ping_status":"closed","template":"","meta":[],"product_cat":[132,368,366,372,370,895,303,1204,181,555,189],"product_tag":[],"class_list":{"0":"post-21037","1":"product","2":"type-product","3":"status-publish","4":"has-post-thumbnail","6":"product_cat-animationen","7":"product_cat-erwachsen","8":"product_cat-geschenk-ecke","9":"product_cat-haus","10":"product_cat-kinder","11":"product_cat-lagerabbau","12":"product_cat-luftmatratzen","13":"product_cat-rosa","14":"product_cat-saisonal","15":"product_cat-sale-de-2","16":"product_cat-sommer","18":"first","19":"instock","20":"sale","21":"taxable","22":"shipping-taxable","23":"purchasable","24":"product-type-simple"},"_links":{"self":[{"href":"https:\/\/camaleoparty.ch\/de\/wp-json\/wp\/v2\/product\/21037","targetHints":{"allow":["GET"]}}],"collection":[{"href":"https:\/\/camaleoparty.ch\/de\/wp-json\/wp\/v2\/product"}],"about":[{"href":"https:\/\/camaleoparty.ch\/de\/wp-json\/wp\/v2\/types\/product"}],"replies":[{"embeddable":true,"href":"https:\/\/camaleoparty.ch\/de\/wp-json\/wp\/v2\/comments?post=21037"}],"wp:featuredmedia":[{"embeddable":true,"href":"https:\/\/camaleoparty.ch\/de\/wp-json\/wp\/v2\/media\/20961"}],"wp:attachment":[{"href":"https:\/\/camaleoparty.ch\/de\/wp-json\/wp\/v2\/media?parent=21037"}],"wp:term":[{"taxonomy":"product_cat","embeddable":true,"href":"https:\/\/camaleoparty.ch\/de\/wp-json\/wp\/v2\/product_cat?post=21037"},{"taxonomy":"product_tag","embeddable":true,"href":"https:\/\/camaleoparty.ch\/de\/wp-json\/wp\/v2\/product_tag?post=21037"}],"curies":[{"name":"wp","href":"https:\/\/api.w.org\/{rel}","templated":true}]}}