{"id":20896,"date":"2017-04-17T11:52:00","date_gmt":"2017-04-17T10:58:54","guid":{"rendered":"https:\/\/pikasworld.ch\/?post_type=product&#038;p=20896"},"modified":"2024-11-08T14:18:29","modified_gmt":"2024-11-08T13:18:29","slug":"ballon-set-fruechte","status":"publish","type":"product","link":"https:\/\/camaleoparty.ch\/de\/produkt\/ballon-set-fruechte\/","title":{"rendered":"Ballon-Set, Fr\u00fcchte"},"content":{"rendered":"<p>Tolles Set an gedruckten Fr\u00fcchte-Ballonen in bunten Farben. Einfach herzig, bunt und passend sommerlich f\u00fcr alle Gartenpartys oder Glace-Partys.<\/p>\n<p><strong>Inhalt:<\/strong>\u00a05 Ballone mit Fr\u00fcchte-Druck, gr\u00fcn, gelb und aqua<br \/>\n<strong>Gr\u00f6sse:<\/strong>\u00a0ca. 28cm Durchmesser (aufgeblasen)<\/p>\n","protected":false},"excerpt":{"rendered":"<p>Tolles Set an gedruckten Fr\u00fcchte-Ballonen in bunten Farben. Einfach herzig, bunt und passend sommerlich f\u00fcr alle Gartenpartys oder Glace-Partys.<\/p>\n<p><strong>Inhalt:<\/strong>\u00a05 Ballone mit Fr\u00fcchte-Druck, gr\u00fcn, gelb und aqua<br \/>\n<strong>Gr\u00f6sse:<\/strong>\u00a0ca. 28cm Durchmesser (aufgeblasen)<\/p>\n","protected":false},"featured_media":20894,"comment_status":"open","ping_status":"closed","template":"","meta":[],"product_cat":[165,908,163,895,181,555,189,1010],"product_tag":[],"class_list":{"0":"post-20896","1":"product","2":"type-product","3":"status-publish","4":"has-post-thumbnail","6":"product_brand-mylittleday-de","7":"product_cat-ballone","8":"product_cat-bedruckter-luftballons","9":"product_cat-dekoration","10":"product_cat-lagerabbau","11":"product_cat-saisonal","12":"product_cat-sale-de-2","13":"product_cat-sommer","14":"product_cat-tropical-de","16":"first","17":"instock","18":"sale","19":"taxable","20":"shipping-taxable","21":"purchasable","22":"product-type-simple"},"_links":{"self":[{"href":"https:\/\/camaleoparty.ch\/de\/wp-json\/wp\/v2\/product\/20896","targetHints":{"allow":["GET"]}}],"collection":[{"href":"https:\/\/camaleoparty.ch\/de\/wp-json\/wp\/v2\/product"}],"about":[{"href":"https:\/\/camaleoparty.ch\/de\/wp-json\/wp\/v2\/types\/product"}],"replies":[{"embeddable":true,"href":"https:\/\/camaleoparty.ch\/de\/wp-json\/wp\/v2\/comments?post=20896"}],"wp:featuredmedia":[{"embeddable":true,"href":"https:\/\/camaleoparty.ch\/de\/wp-json\/wp\/v2\/media\/20894"}],"wp:attachment":[{"href":"https:\/\/camaleoparty.ch\/de\/wp-json\/wp\/v2\/media?parent=20896"}],"wp:term":[{"taxonomy":"product_cat","embeddable":true,"href":"https:\/\/camaleoparty.ch\/de\/wp-json\/wp\/v2\/product_cat?post=20896"},{"taxonomy":"product_tag","embeddable":true,"href":"https:\/\/camaleoparty.ch\/de\/wp-json\/wp\/v2\/product_tag?post=20896"}],"curies":[{"name":"wp","href":"https:\/\/api.w.org\/{rel}","templated":true}]}}