{"id":20739,"date":"2017-03-25T14:19:00","date_gmt":"2017-03-26T09:24:41","guid":{"rendered":"https:\/\/pikasworld.ch\/?post_type=product&#038;p=20739"},"modified":"2024-11-08T14:18:33","modified_gmt":"2024-11-08T13:18:33","slug":"tropfen-und-wolken-hintergrund","status":"publish","type":"product","link":"https:\/\/camaleoparty.ch\/de\/produkt\/tropfen-und-wolken-hintergrund\/","title":{"rendered":"Tropfen und Wolken Hintergrund"},"content":{"rendered":"<p>Kreieren sie die perfekte Dekoration f\u00fcr Ihre Baby-Shower mit diesem s\u00fcssen Gold Rosa und Mint tropfen und Wolken Hintergrund. Sie suchen nach etwas anderem f\u00fcr Ihre Baby Shower das einmal Farben hat die nicht Blau und Rosa sind, dann haben sie das richtige Thema gefunden.<\/p>\n<p>&nbsp;<\/p>\n<p>6x Regentropfen und Wolken Girlande je 2 Meter lang.<\/p>\n","protected":false},"excerpt":{"rendered":"<p>Kreieren sie die perfekte Dekoration f\u00fcr Ihre Baby-Shower mit diesem s\u00fcssen Gold Rosa und Mint tropfen und Wolken Hintergrund. Sie suchen nach etwas anderem f\u00fcr Ihre Baby Shower das einmal Farben hat die nicht Blau und Rosa sind, dann haben sie das richtige Thema gefunden.<\/p>\n<p>6x Regentropfen und Wolken Girlande je 2 Meter lang.<\/p>\n","protected":false},"featured_media":20590,"comment_status":"open","ping_status":"closed","template":"","meta":[],"product_cat":[132,1213,163,175,142,842],"product_tag":[],"class_list":{"0":"post-20739","1":"product","2":"type-product","3":"status-publish","4":"has-post-thumbnail","6":"product_cat-animationen","7":"product_cat-farbe-blau","8":"product_cat-dekoration","9":"product_cat-girlanden","10":"product_cat-photo-booth-de","11":"product_cat-vorhange-und-leinwande","13":"first","14":"instock","15":"sale","16":"taxable","17":"shipping-taxable","18":"purchasable","19":"product-type-simple"},"_links":{"self":[{"href":"https:\/\/camaleoparty.ch\/de\/wp-json\/wp\/v2\/product\/20739","targetHints":{"allow":["GET"]}}],"collection":[{"href":"https:\/\/camaleoparty.ch\/de\/wp-json\/wp\/v2\/product"}],"about":[{"href":"https:\/\/camaleoparty.ch\/de\/wp-json\/wp\/v2\/types\/product"}],"replies":[{"embeddable":true,"href":"https:\/\/camaleoparty.ch\/de\/wp-json\/wp\/v2\/comments?post=20739"}],"wp:featuredmedia":[{"embeddable":true,"href":"https:\/\/camaleoparty.ch\/de\/wp-json\/wp\/v2\/media\/20590"}],"wp:attachment":[{"href":"https:\/\/camaleoparty.ch\/de\/wp-json\/wp\/v2\/media?parent=20739"}],"wp:term":[{"taxonomy":"product_cat","embeddable":true,"href":"https:\/\/camaleoparty.ch\/de\/wp-json\/wp\/v2\/product_cat?post=20739"},{"taxonomy":"product_tag","embeddable":true,"href":"https:\/\/camaleoparty.ch\/de\/wp-json\/wp\/v2\/product_tag?post=20739"}],"curies":[{"name":"wp","href":"https:\/\/api.w.org\/{rel}","templated":true}]}}