{"id":20734,"date":"2017-03-22T17:34:13","date_gmt":"2017-03-22T16:49:17","guid":{"rendered":"https:\/\/pikasworld.ch\/?post_type=product&#038;p=20734"},"modified":"2025-02-09T20:08:22","modified_gmt":"2025-02-09T19:08:22","slug":"birthday-in-a-bag","status":"publish","type":"product","link":"https:\/\/camaleoparty.ch\/de\/produkt\/birthday-in-a-bag\/","title":{"rendered":"Birthday in a Bag"},"content":{"rendered":"<p>Wir haben alles Ihr f\u00fcr einen tollen Geburtstag in eine T\u00fcte gepackt. Macht ein super Geschenk f\u00fcr das Geburtstagskind.<\/p>\n<p>1 Happy Birthday Karte<\/p>\n<p>12 Kerzen in Regenbogenfarben<\/p>\n<p>6 Ballons in Regenbogenfarben<\/p>\n<p>1 Pack Konfettis<\/p>\n<p>1 Party Horn<\/p>\n<p>&nbsp;<\/p>\n<p>Made in Amerika<\/p>\n<p>&nbsp;<\/p>\n","protected":false},"excerpt":{"rendered":"<p>Wir haben alles Ihr f\u00fcr einen tollen Geburtstag in eine T\u00fcte gepackt. Macht ein super Geschenk f\u00fcr das Geburtstagskind.<\/p>\n","protected":false},"featured_media":20732,"comment_status":"open","ping_status":"closed","template":"","meta":[],"product_cat":[132,851,183,181],"product_tag":[],"class_list":{"0":"post-20734","1":"product","2":"type-product","3":"status-publish","4":"has-post-thumbnail","6":"product_cat-animationen","7":"product_cat-eine-party-box","8":"product_cat-geburtstag","9":"product_cat-saisonal","11":"first","12":"instock","13":"taxable","14":"shipping-taxable","15":"purchasable","16":"product-type-simple"},"_links":{"self":[{"href":"https:\/\/camaleoparty.ch\/de\/wp-json\/wp\/v2\/product\/20734","targetHints":{"allow":["GET"]}}],"collection":[{"href":"https:\/\/camaleoparty.ch\/de\/wp-json\/wp\/v2\/product"}],"about":[{"href":"https:\/\/camaleoparty.ch\/de\/wp-json\/wp\/v2\/types\/product"}],"replies":[{"embeddable":true,"href":"https:\/\/camaleoparty.ch\/de\/wp-json\/wp\/v2\/comments?post=20734"}],"wp:featuredmedia":[{"embeddable":true,"href":"https:\/\/camaleoparty.ch\/de\/wp-json\/wp\/v2\/media\/20732"}],"wp:attachment":[{"href":"https:\/\/camaleoparty.ch\/de\/wp-json\/wp\/v2\/media?parent=20734"}],"wp:term":[{"taxonomy":"product_cat","embeddable":true,"href":"https:\/\/camaleoparty.ch\/de\/wp-json\/wp\/v2\/product_cat?post=20734"},{"taxonomy":"product_tag","embeddable":true,"href":"https:\/\/camaleoparty.ch\/de\/wp-json\/wp\/v2\/product_tag?post=20734"}],"curies":[{"name":"wp","href":"https:\/\/api.w.org\/{rel}","templated":true}]}}