{"id":20448,"date":"2017-02-23T13:09:00","date_gmt":"2017-02-23T12:25:06","guid":{"rendered":"https:\/\/pikasworld.ch\/?post_type=product&#038;p=20448"},"modified":"2024-11-08T14:18:52","modified_gmt":"2024-11-08T13:18:52","slug":"cake-topper-meerjungfrau","status":"publish","type":"product","link":"https:\/\/camaleoparty.ch\/de\/produkt\/cake-topper-meerjungfrau\/","title":{"rendered":"Cake topper Meerjungfrau"},"content":{"rendered":"<p>Wundersch\u00f6ne Topper im Meerjungfrauen Design als s\u00fc\u00dfe Deko f\u00fcr den Geburtstagskuchen.<br \/>\nEs wird ein Set mit 4 Kuchen Toppern geliefert.<br \/>\nPackungsgr\u00f6\u00dfe ca. 20,3 x 29,2 x 1,5 cm<\/p>\n","protected":false},"excerpt":{"rendered":"<p>Wundersch\u00f6ne Topper im Meerjungfrauen Design als s\u00fc\u00dfe Deko f\u00fcr den Geburtstagskuchen.<br \/>\nEs wird ein Set mit 4 Kuchen Toppern geliefert.<br \/>\nPackungsgr\u00f6\u00dfe ca. 20,3 x 29,2 x 1,5 cm<\/p>\n","protected":false},"featured_media":20279,"comment_status":"open","ping_status":"closed","template":"","meta":[],"product_cat":[78,313,297,72],"product_tag":[],"class_list":{"0":"post-20448","1":"product","2":"type-product","3":"status-publish","4":"has-post-thumbnail","6":"product_cat-cake-toppers","7":"product_cat-decorations-pour-gateaux-cupcakes","8":"product_cat-sirenes","9":"product_cat-decoration-de-table-anniversaire-et-fete","11":"first","12":"instock","13":"taxable","14":"shipping-taxable","15":"purchasable","16":"product-type-simple"},"_links":{"self":[{"href":"https:\/\/camaleoparty.ch\/de\/wp-json\/wp\/v2\/product\/20448","targetHints":{"allow":["GET"]}}],"collection":[{"href":"https:\/\/camaleoparty.ch\/de\/wp-json\/wp\/v2\/product"}],"about":[{"href":"https:\/\/camaleoparty.ch\/de\/wp-json\/wp\/v2\/types\/product"}],"replies":[{"embeddable":true,"href":"https:\/\/camaleoparty.ch\/de\/wp-json\/wp\/v2\/comments?post=20448"}],"wp:featuredmedia":[{"embeddable":true,"href":"https:\/\/camaleoparty.ch\/de\/wp-json\/wp\/v2\/media\/20279"}],"wp:attachment":[{"href":"https:\/\/camaleoparty.ch\/de\/wp-json\/wp\/v2\/media?parent=20448"}],"wp:term":[{"taxonomy":"product_cat","embeddable":true,"href":"https:\/\/camaleoparty.ch\/de\/wp-json\/wp\/v2\/product_cat?post=20448"},{"taxonomy":"product_tag","embeddable":true,"href":"https:\/\/camaleoparty.ch\/de\/wp-json\/wp\/v2\/product_tag?post=20448"}],"curies":[{"name":"wp","href":"https:\/\/api.w.org\/{rel}","templated":true}]}}