{"id":20217,"date":"2017-02-02T16:48:30","date_gmt":"2017-02-02T15:50:41","guid":{"rendered":"http:\/\/pikasworld.ch\/?post_type=product&#038;p=20217"},"modified":"2024-11-08T14:19:42","modified_gmt":"2024-11-08T13:19:42","slug":"pappbecher-desert-in-bloom","status":"publish","type":"product","link":"https:\/\/camaleoparty.ch\/de\/produkt\/pappbecher-desert-in-bloom\/","title":{"rendered":"Pappbecher &#8222;Desert In Bloom&#8220;"},"content":{"rendered":"<p>Mit unserem praktischen und dekorativen Einweggeschirr sind Sie bestens ausger\u00fcstet f\u00fcr den Grillabend oder das n\u00e4chste Picknick.<\/p>\n","protected":false},"excerpt":{"rendered":"<p>Mit unserem praktischen und dekorativen Einweggeschirr sind Sie bestens ausger\u00fcstet f\u00fcr den Grillabend oder das n\u00e4chste Picknick.<\/p>\n","protected":false},"featured_media":20215,"comment_status":"open","ping_status":"closed","template":"","meta":[],"product_cat":[74,259,72],"product_tag":[],"class_list":{"0":"post-20217","1":"product","2":"type-product","3":"status-publish","4":"has-post-thumbnail","6":"product_cat-gobelets","7":"product_cat-indien-cowboy","8":"product_cat-decoration-de-table-anniversaire-et-fete","10":"first","11":"instock","12":"taxable","13":"shipping-taxable","14":"purchasable","15":"product-type-simple"},"_links":{"self":[{"href":"https:\/\/camaleoparty.ch\/de\/wp-json\/wp\/v2\/product\/20217","targetHints":{"allow":["GET"]}}],"collection":[{"href":"https:\/\/camaleoparty.ch\/de\/wp-json\/wp\/v2\/product"}],"about":[{"href":"https:\/\/camaleoparty.ch\/de\/wp-json\/wp\/v2\/types\/product"}],"replies":[{"embeddable":true,"href":"https:\/\/camaleoparty.ch\/de\/wp-json\/wp\/v2\/comments?post=20217"}],"wp:featuredmedia":[{"embeddable":true,"href":"https:\/\/camaleoparty.ch\/de\/wp-json\/wp\/v2\/media\/20215"}],"wp:attachment":[{"href":"https:\/\/camaleoparty.ch\/de\/wp-json\/wp\/v2\/media?parent=20217"}],"wp:term":[{"taxonomy":"product_cat","embeddable":true,"href":"https:\/\/camaleoparty.ch\/de\/wp-json\/wp\/v2\/product_cat?post=20217"},{"taxonomy":"product_tag","embeddable":true,"href":"https:\/\/camaleoparty.ch\/de\/wp-json\/wp\/v2\/product_tag?post=20217"}],"curies":[{"name":"wp","href":"https:\/\/api.w.org\/{rel}","templated":true}]}}