{"id":19965,"date":"2017-02-01T13:08:20","date_gmt":"2017-02-01T12:12:21","guid":{"rendered":"http:\/\/pikasworld.ch\/?post_type=product&#038;p=19965"},"modified":"2024-11-08T14:20:05","modified_gmt":"2024-11-08T13:20:05","slug":"folienballon-buchstabe-g-gold-35cm","status":"publish","type":"product","link":"https:\/\/camaleoparty.ch\/de\/produkt\/folienballon-buchstabe-g-gold-35cm\/","title":{"rendered":"Folienballon Buchstabe G gold, 35cm"},"content":{"rendered":"<p>Perfekte Dekorationsballone um zu Feiern &#8211; egal ob Geburtstag, Hochzeit, Jubbil\u00e4um oder Bef\u00f6rderung &#8211; sehen toll hinter dem Buffet aus, \u00fcber dem Tisch oder um die G\u00e4ste am Eingang willkommen zu heissen &#8211; wir haben sie in gold oder silber an Lager. Mit diesen Folienballon-Buchstaben kannst Du viele liebe Sachen schreiben: LOVE, I LOVE YOU, BEST MOM, WILLST DU MICH HEIRATEN, CELEBRATE, I DO, und vieles mehr.<\/p>\n<p><strong>Bemerkung:\u00a0<\/strong>diese Buchstabengr\u00f6sse kann nur als Girlande oder auf einer Wand aufgeh\u00e4ngt werden &#8211; m\u00f6chtest du die Ballon Buchstaben schwebend verwenden, bestelle bitte die\u00a080cm FolienBallon Buchstaben\u00a0in unserem Shop.<br \/>\nDie 35cm Ballone kommen mit Strohhalm zum selber Aufblasen, keine Maschinenf\u00fcllung m\u00f6glich! Nur Luftbef\u00fcllungen &#8211; nicht f\u00fcr Helium geeignet!!!<\/p>\n<p><strong>Inhalt:<\/strong>\u00a01 Folienballon Buchstabe, Auswahl A-Z, ohne Luft, gold, zum Selber Aufblasen, nicht f\u00fcr Helium geeignet<br \/>\n<strong>Gr\u00f6sse:<\/strong>\u00a0ca. 35cm hoch<\/p>\n","protected":false},"excerpt":{"rendered":"<p>Perfekte Dekorationsballone um zu Feiern &#8211; egal ob Geburtstag, Hochzeit, Jubbil\u00e4um oder Bef\u00f6rderung &#8211; sehen toll hinter dem Buffet aus, \u00fcber dem Tisch oder um die G\u00e4ste am Eingang willkommen zu heissen &#8211; wir haben sie in gold oder silber an Lager. Mit diesen Folienballon-Buchstaben kannst Du viele liebe Sachen schreiben: LOVE, I LOVE YOU, BEST MOM, WILLST DU MICH HEIRATEN, CELEBRATE, I DO, und vieles mehr.<\/p>\n","protected":false},"featured_media":19803,"comment_status":"open","ping_status":"closed","template":"","meta":[],"product_cat":[283,163,895,555],"product_tag":[],"class_list":{"0":"post-19965","1":"product","2":"type-product","3":"status-publish","4":"has-post-thumbnail","6":"product_cat-ballons-buchstaben-und-zahlen","7":"product_cat-dekoration","8":"product_cat-lagerabbau","9":"product_cat-sale-de-2","11":"first","12":"instock","13":"sale","14":"taxable","15":"shipping-taxable","16":"purchasable","17":"product-type-simple"},"_links":{"self":[{"href":"https:\/\/camaleoparty.ch\/de\/wp-json\/wp\/v2\/product\/19965","targetHints":{"allow":["GET"]}}],"collection":[{"href":"https:\/\/camaleoparty.ch\/de\/wp-json\/wp\/v2\/product"}],"about":[{"href":"https:\/\/camaleoparty.ch\/de\/wp-json\/wp\/v2\/types\/product"}],"replies":[{"embeddable":true,"href":"https:\/\/camaleoparty.ch\/de\/wp-json\/wp\/v2\/comments?post=19965"}],"wp:featuredmedia":[{"embeddable":true,"href":"https:\/\/camaleoparty.ch\/de\/wp-json\/wp\/v2\/media\/19803"}],"wp:attachment":[{"href":"https:\/\/camaleoparty.ch\/de\/wp-json\/wp\/v2\/media?parent=19965"}],"wp:term":[{"taxonomy":"product_cat","embeddable":true,"href":"https:\/\/camaleoparty.ch\/de\/wp-json\/wp\/v2\/product_cat?post=19965"},{"taxonomy":"product_tag","embeddable":true,"href":"https:\/\/camaleoparty.ch\/de\/wp-json\/wp\/v2\/product_tag?post=19965"}],"curies":[{"name":"wp","href":"https:\/\/api.w.org\/{rel}","templated":true}]}}