{"id":19943,"date":"2017-01-31T21:59:25","date_gmt":"2017-01-31T21:12:16","guid":{"rendered":"http:\/\/pikasworld.ch\/?post_type=product&#038;p=19943"},"modified":"2024-11-08T14:20:12","modified_gmt":"2024-11-08T13:20:12","slug":"tortendekoration-roter-kerzenstaender","status":"publish","type":"product","link":"https:\/\/camaleoparty.ch\/de\/produkt\/tortendekoration-roter-kerzenstaender\/","title":{"rendered":"Tortendekoration Roter Kerzenst\u00e4nder"},"content":{"rendered":"<p>Roter, neunarmiger Kerzenst\u00e4nder mit Kerzen, zum Schm\u00fccken von Torten.WARNUNG: Feuergefahr. Nicht in der N\u00e4he von Zugluft und von leicht entflammbaren Materialien abbrennen. Kerzen nur bis auf 3 cm herunterbrennen lassen. Vergewissern Sie sich vor der Benutzung, dass der Kerzenst\u00e4nder sicher und aufrecht steht. Die Kerzen m\u00fcssen sicher im Kerzenst\u00e4nder stehen. Die Kerzen sollten nach 5 Minuten gel\u00f6scht werden, um das Schmelzen und das Herunterlaufen von Wachs zu vermeiden. Von Kindern fernhalten.\u00a0<strong>Lassen Sie eine brennende Kerze niemals unbeaufsichtigt.\u00a0<\/strong>Um ein Umkippen des Kerzenst\u00e4nders zu vermeiden, verwenden Sie nur Kerzen bis max. 7 cm.<\/p>\n","protected":false},"excerpt":{"rendered":"<p>Roter, neunarmiger Kerzenst\u00e4nder mit Kerzen, zum Schm\u00fccken von Torten.<\/p>\n","protected":false},"featured_media":19936,"comment_status":"open","ping_status":"closed","template":"","meta":[],"product_cat":[167,327,225],"product_tag":[],"class_list":{"0":"post-19943","1":"product","2":"type-product","3":"status-publish","4":"has-post-thumbnail","6":"product_cat-kerzen","7":"product_cat-kochen","8":"product_cat-piraten","10":"first","11":"instock","12":"taxable","13":"shipping-taxable","14":"purchasable","15":"product-type-simple"},"_links":{"self":[{"href":"https:\/\/camaleoparty.ch\/de\/wp-json\/wp\/v2\/product\/19943","targetHints":{"allow":["GET"]}}],"collection":[{"href":"https:\/\/camaleoparty.ch\/de\/wp-json\/wp\/v2\/product"}],"about":[{"href":"https:\/\/camaleoparty.ch\/de\/wp-json\/wp\/v2\/types\/product"}],"replies":[{"embeddable":true,"href":"https:\/\/camaleoparty.ch\/de\/wp-json\/wp\/v2\/comments?post=19943"}],"wp:featuredmedia":[{"embeddable":true,"href":"https:\/\/camaleoparty.ch\/de\/wp-json\/wp\/v2\/media\/19936"}],"wp:attachment":[{"href":"https:\/\/camaleoparty.ch\/de\/wp-json\/wp\/v2\/media?parent=19943"}],"wp:term":[{"taxonomy":"product_cat","embeddable":true,"href":"https:\/\/camaleoparty.ch\/de\/wp-json\/wp\/v2\/product_cat?post=19943"},{"taxonomy":"product_tag","embeddable":true,"href":"https:\/\/camaleoparty.ch\/de\/wp-json\/wp\/v2\/product_tag?post=19943"}],"curies":[{"name":"wp","href":"https:\/\/api.w.org\/{rel}","templated":true}]}}