{"id":19641,"date":"2017-01-23T13:08:23","date_gmt":"2017-01-23T12:38:59","guid":{"rendered":"http:\/\/pikasworld.ch\/?post_type=product&#038;p=19641&#038;lang=de"},"modified":"2024-11-08T14:20:14","modified_gmt":"2024-11-08T13:20:14","slug":"party-besteck-neon","status":"publish","type":"product","link":"https:\/\/camaleoparty.ch\/de\/produkt\/party-besteck-neon\/","title":{"rendered":"Party Besteck Neon"},"content":{"rendered":"<p>Suchen sie nach einer Alternative f\u00fcr Plastik Besteck? Dann haben wir genau das richtige, ein Besteck Set aus Holz ( Gabel, Messer und L\u00f6ffel) von MeriMeri\u2026 Mit Ihrem modernen und Farbfrohen Design ist dieses Besteck perfekt f\u00fcr einen Geburtstag, eine Hochzeit, eine Baby-Shower oder f\u00fcr ein Grillfest oder ein Picknick.<\/p>\n<p>Ein Pack enth\u00e4lt 24 St\u00fcck: 8x Gabel, 8x Messer, 8x L\u00f6ffel<\/p>\n","protected":false},"excerpt":{"rendered":"<p>Suchen sie nach einer Alternative f\u00fcr Plastik Besteck? Dann haben wir genau das richtige, ein Besteck Set aus Holz ( Gabel, Messer und L\u00f6ffel) von MeriMeri\u2026<\/p>\n","protected":false},"featured_media":19525,"comment_status":"open","ping_status":"closed","template":"","meta":[],"product_cat":[153,183,181,555,189,235,147],"product_tag":[],"class_list":{"0":"post-19641","1":"product","2":"type-product","3":"status-publish","4":"has-post-thumbnail","6":"product_brand-merimeri-de","7":"product_cat-geschirr","8":"product_cat-geburtstag","9":"product_cat-saisonal","10":"product_cat-sale-de-2","11":"product_cat-sommer","12":"product_cat-superheld","13":"product_cat-verjaardags-en-feesttafelversieringen","15":"first","16":"instock","17":"sale","18":"taxable","19":"shipping-taxable","20":"purchasable","21":"product-type-simple"},"_links":{"self":[{"href":"https:\/\/camaleoparty.ch\/de\/wp-json\/wp\/v2\/product\/19641","targetHints":{"allow":["GET"]}}],"collection":[{"href":"https:\/\/camaleoparty.ch\/de\/wp-json\/wp\/v2\/product"}],"about":[{"href":"https:\/\/camaleoparty.ch\/de\/wp-json\/wp\/v2\/types\/product"}],"replies":[{"embeddable":true,"href":"https:\/\/camaleoparty.ch\/de\/wp-json\/wp\/v2\/comments?post=19641"}],"wp:featuredmedia":[{"embeddable":true,"href":"https:\/\/camaleoparty.ch\/de\/wp-json\/wp\/v2\/media\/19525"}],"wp:attachment":[{"href":"https:\/\/camaleoparty.ch\/de\/wp-json\/wp\/v2\/media?parent=19641"}],"wp:term":[{"taxonomy":"product_cat","embeddable":true,"href":"https:\/\/camaleoparty.ch\/de\/wp-json\/wp\/v2\/product_cat?post=19641"},{"taxonomy":"product_tag","embeddable":true,"href":"https:\/\/camaleoparty.ch\/de\/wp-json\/wp\/v2\/product_tag?post=19641"}],"curies":[{"name":"wp","href":"https:\/\/api.w.org\/{rel}","templated":true}]}}