{"id":18437,"date":"2016-10-10T14:27:00","date_gmt":"2016-10-10T13:31:55","guid":{"rendered":"http:\/\/pikasworld.ch\/?post_type=product&#038;p=18437&#038;lang=de"},"modified":"2024-11-08T14:21:01","modified_gmt":"2024-11-08T13:21:01","slug":"wabenball-pink-15cm","status":"publish","type":"product","link":"https:\/\/camaleoparty.ch\/de\/produkt\/wabenball-pink-15cm\/","title":{"rendered":"Wabenball Pink 15cm"},"content":{"rendered":"<p>H\u00fcbscher, mittelgrosser Wabenball, in vielen Farben bei uns erh\u00e4ltlich. Eine wirklich tolle Dekoration f\u00fcr Feste aller Art, insbesondere Bridal Showers, Geburtstagsparties f\u00fcr grosse und kleine M\u00e4dchen und Hochzeiten.\u00a0 Pinkfarbiger Wabenball in Gr\u00f6sse 15cm<\/p>\n","protected":false},"excerpt":{"rendered":"<p>H\u00fcbscher, mittelgrosser Wabenball, in vielen Farben bei uns erh\u00e4ltlich. Eine wirklich tolle Dekoration f\u00fcr Feste aller Art, insbesondere Bridal Showers, Geburtstagsparties f\u00fcr grosse und kleine M\u00e4dchen und Hochzeiten.\u00a0 Pinkfarbiger Wabenball in Gr\u00f6sse 15cm<\/p>\n","protected":false},"featured_media":18122,"comment_status":"open","ping_status":"closed","template":"","meta":[],"product_cat":[163,591,1204,1170,169],"product_tag":[],"class_list":{"0":"post-18437","1":"product","2":"type-product","3":"status-publish","4":"has-post-thumbnail","6":"product_brand-mylittleday-de","7":"product_cat-dekoration","8":"product_cat-prinzessin-de","9":"product_cat-rosa","10":"product_cat-viva-la-fiesta-de","11":"product_cat-wabenball","13":"first","14":"instock","15":"taxable","16":"shipping-taxable","17":"purchasable","18":"product-type-simple"},"_links":{"self":[{"href":"https:\/\/camaleoparty.ch\/de\/wp-json\/wp\/v2\/product\/18437","targetHints":{"allow":["GET"]}}],"collection":[{"href":"https:\/\/camaleoparty.ch\/de\/wp-json\/wp\/v2\/product"}],"about":[{"href":"https:\/\/camaleoparty.ch\/de\/wp-json\/wp\/v2\/types\/product"}],"replies":[{"embeddable":true,"href":"https:\/\/camaleoparty.ch\/de\/wp-json\/wp\/v2\/comments?post=18437"}],"wp:featuredmedia":[{"embeddable":true,"href":"https:\/\/camaleoparty.ch\/de\/wp-json\/wp\/v2\/media\/18122"}],"wp:attachment":[{"href":"https:\/\/camaleoparty.ch\/de\/wp-json\/wp\/v2\/media?parent=18437"}],"wp:term":[{"taxonomy":"product_cat","embeddable":true,"href":"https:\/\/camaleoparty.ch\/de\/wp-json\/wp\/v2\/product_cat?post=18437"},{"taxonomy":"product_tag","embeddable":true,"href":"https:\/\/camaleoparty.ch\/de\/wp-json\/wp\/v2\/product_tag?post=18437"}],"curies":[{"name":"wp","href":"https:\/\/api.w.org\/{rel}","templated":true}]}}