{"id":18362,"date":"2016-10-06T16:19:17","date_gmt":"2016-10-06T15:21:08","guid":{"rendered":"http:\/\/pikasworld.ch\/?post_type=product&#038;p=18362&#038;lang=de"},"modified":"2024-11-08T14:21:08","modified_gmt":"2024-11-08T13:21:08","slug":"wabenball-grau-25cm","status":"publish","type":"product","link":"https:\/\/camaleoparty.ch\/de\/produkt\/wabenball-grau-25cm\/","title":{"rendered":"Wabenball grau 25cm"},"content":{"rendered":"<p>H\u00fcbscher, mittelgrosser Wabenball, in vielen Farben bei uns erh\u00e4ltlich.Tolle Farbe f\u00fcr Hochzeiten, Jubil\u00e4umsparties und unsere Astronauten Geburtstagsparty. Wabenball grau 25cm<\/p>\n","protected":false},"excerpt":{"rendered":"<p>H\u00fcbscher, mittelgrosser Wabenball, in vielen Farben bei uns erh\u00e4ltlich. Tolle Farbe f\u00fcr Hochzeiten, Jubil\u00e4umsparties und unsere Astronauten Geburtstagsparty. Wabenball grau 25cm<\/p>\n","protected":false},"featured_media":18125,"comment_status":"open","ping_status":"closed","template":"","meta":[],"product_cat":[163,169],"product_tag":[],"class_list":{"0":"post-18362","1":"product","2":"type-product","3":"status-publish","4":"has-post-thumbnail","6":"product_cat-dekoration","7":"product_cat-wabenball","9":"first","10":"instock","11":"taxable","12":"shipping-taxable","13":"purchasable","14":"product-type-simple"},"_links":{"self":[{"href":"https:\/\/camaleoparty.ch\/de\/wp-json\/wp\/v2\/product\/18362","targetHints":{"allow":["GET"]}}],"collection":[{"href":"https:\/\/camaleoparty.ch\/de\/wp-json\/wp\/v2\/product"}],"about":[{"href":"https:\/\/camaleoparty.ch\/de\/wp-json\/wp\/v2\/types\/product"}],"replies":[{"embeddable":true,"href":"https:\/\/camaleoparty.ch\/de\/wp-json\/wp\/v2\/comments?post=18362"}],"wp:featuredmedia":[{"embeddable":true,"href":"https:\/\/camaleoparty.ch\/de\/wp-json\/wp\/v2\/media\/18125"}],"wp:attachment":[{"href":"https:\/\/camaleoparty.ch\/de\/wp-json\/wp\/v2\/media?parent=18362"}],"wp:term":[{"taxonomy":"product_cat","embeddable":true,"href":"https:\/\/camaleoparty.ch\/de\/wp-json\/wp\/v2\/product_cat?post=18362"},{"taxonomy":"product_tag","embeddable":true,"href":"https:\/\/camaleoparty.ch\/de\/wp-json\/wp\/v2\/product_tag?post=18362"}],"curies":[{"name":"wp","href":"https:\/\/api.w.org\/{rel}","templated":true}]}}