{"id":18316,"date":"2016-10-06T12:43:22","date_gmt":"2016-10-06T11:48:46","guid":{"rendered":"http:\/\/pikasworld.ch\/?post_type=product&#038;p=18316&#038;lang=de"},"modified":"2024-11-08T14:21:12","modified_gmt":"2024-11-08T13:21:12","slug":"wabenball-grau-20cm","status":"publish","type":"product","link":"https:\/\/camaleoparty.ch\/de\/produkt\/wabenball-grau-20cm\/","title":{"rendered":"Wabenball grau 20cm"},"content":{"rendered":"<p>H\u00fcbscher, mittelgrosser Wabenball, in vielen Farben bei uns erh\u00e4ltlich. Er wird in den USA gefertigt und bezaubert durch seine solide Handarbeit. Tolle Farbe f\u00fcr Hochzeiten, Jubil\u00e4umsparties und unsere Astronauten Geburtstagsparty. Wabenball Grau 20cm<\/p>\n","protected":false},"excerpt":{"rendered":"<p>H\u00fcbscher, mittelgrosser Wabenball, in vielen Farben bei uns erh\u00e4ltlich. Er wird in den USA gefertigt und bezaubert durch seine solide Handarbeit. Tolle Farbe f\u00fcr Hochzeiten, Jubil\u00e4umsparties und unsere Astronauten Geburtstagsparty. Wabenball grau 20cm<\/p>\n","protected":false},"featured_media":18125,"comment_status":"open","ping_status":"closed","template":"","meta":[],"product_cat":[163,169],"product_tag":[],"class_list":{"0":"post-18316","1":"product","2":"type-product","3":"status-publish","4":"has-post-thumbnail","6":"product_cat-dekoration","7":"product_cat-wabenball","9":"first","10":"instock","11":"taxable","12":"shipping-taxable","13":"purchasable","14":"product-type-simple"},"_links":{"self":[{"href":"https:\/\/camaleoparty.ch\/de\/wp-json\/wp\/v2\/product\/18316","targetHints":{"allow":["GET"]}}],"collection":[{"href":"https:\/\/camaleoparty.ch\/de\/wp-json\/wp\/v2\/product"}],"about":[{"href":"https:\/\/camaleoparty.ch\/de\/wp-json\/wp\/v2\/types\/product"}],"replies":[{"embeddable":true,"href":"https:\/\/camaleoparty.ch\/de\/wp-json\/wp\/v2\/comments?post=18316"}],"wp:featuredmedia":[{"embeddable":true,"href":"https:\/\/camaleoparty.ch\/de\/wp-json\/wp\/v2\/media\/18125"}],"wp:attachment":[{"href":"https:\/\/camaleoparty.ch\/de\/wp-json\/wp\/v2\/media?parent=18316"}],"wp:term":[{"taxonomy":"product_cat","embeddable":true,"href":"https:\/\/camaleoparty.ch\/de\/wp-json\/wp\/v2\/product_cat?post=18316"},{"taxonomy":"product_tag","embeddable":true,"href":"https:\/\/camaleoparty.ch\/de\/wp-json\/wp\/v2\/product_tag?post=18316"}],"curies":[{"name":"wp","href":"https:\/\/api.w.org\/{rel}","templated":true}]}}