{"id":18292,"date":"2016-10-05T15:54:00","date_gmt":"2016-10-05T14:56:51","guid":{"rendered":"http:\/\/pikasworld.ch\/?post_type=product&#038;p=18292&#038;lang=de"},"modified":"2024-11-08T14:21:28","modified_gmt":"2024-11-08T13:21:28","slug":"wabenball-gelb-25cm","status":"publish","type":"product","link":"https:\/\/camaleoparty.ch\/de\/produkt\/wabenball-gelb-25cm\/","title":{"rendered":"Wabenball Gelb 25cm"},"content":{"rendered":"<p>H\u00fcbscher, kleiner Wabenball, in vielen Farben bei uns erh\u00e4ltlich. Damit lassen sich viele tolle Dekorations-Arrangements zaubern \u2013 egal ob f\u00fcr ein Geburtstagsfest, eine Hochzeit oder zu Hause. Unterschiedliche Gr\u00f6ssen in einer Laterne, in einer halb offenen Schublade gruppieren oder an B\u00e4ndern von Zweigen oder Vorhangschienen h\u00e4ngen und schon steht die besondere Event Dekoration.<\/p>\n<p>Wabenb\u00e4lle lassen sich auch nur halb \u00f6ffnen und sind dann richtige Eye-catcher auf dem Feststagstisch oder Buffet.<br \/>\n25cm Gelb<\/p>\n","protected":false},"excerpt":{"rendered":"<p>H\u00fcbscher, kleiner Wabenball, in vielen Farben bei uns erh\u00e4ltlich. Damit lassen sich viele tolle Dekorations-Arrangements zaubern \u2013 egal ob f\u00fcr ein Geburtstagsfest, eine Hochzeit oder zu Hause. Unterschiedliche Gr\u00f6ssen in einer Laterne, in einer halb offenen Schublade gruppieren oder an B\u00e4ndern von Zweigen oder Vorhangschienen h\u00e4ngen und schon steht die besondere Event Dekoration.<\/p>\n<p>Wabenb\u00e4lle lassen sich auch nur halb \u00f6ffnen und sind dann richtige Eye-catcher auf dem Feststagstisch oder Buffet.<br \/>\n25cm Gelb<\/p>\n","protected":false},"featured_media":18128,"comment_status":"open","ping_status":"closed","template":"","meta":[],"product_cat":[724,163,1211,1170,169],"product_tag":[],"class_list":{"0":"post-18292","1":"product","2":"type-product","3":"status-publish","4":"has-post-thumbnail","6":"product_cat-aufbau","7":"product_cat-dekoration","8":"product_cat-farbe-gelb","9":"product_cat-viva-la-fiesta-de","10":"product_cat-wabenball","12":"first","13":"instock","14":"taxable","15":"shipping-taxable","16":"purchasable","17":"product-type-simple"},"_links":{"self":[{"href":"https:\/\/camaleoparty.ch\/de\/wp-json\/wp\/v2\/product\/18292","targetHints":{"allow":["GET"]}}],"collection":[{"href":"https:\/\/camaleoparty.ch\/de\/wp-json\/wp\/v2\/product"}],"about":[{"href":"https:\/\/camaleoparty.ch\/de\/wp-json\/wp\/v2\/types\/product"}],"replies":[{"embeddable":true,"href":"https:\/\/camaleoparty.ch\/de\/wp-json\/wp\/v2\/comments?post=18292"}],"wp:featuredmedia":[{"embeddable":true,"href":"https:\/\/camaleoparty.ch\/de\/wp-json\/wp\/v2\/media\/18128"}],"wp:attachment":[{"href":"https:\/\/camaleoparty.ch\/de\/wp-json\/wp\/v2\/media?parent=18292"}],"wp:term":[{"taxonomy":"product_cat","embeddable":true,"href":"https:\/\/camaleoparty.ch\/de\/wp-json\/wp\/v2\/product_cat?post=18292"},{"taxonomy":"product_tag","embeddable":true,"href":"https:\/\/camaleoparty.ch\/de\/wp-json\/wp\/v2\/product_tag?post=18292"}],"curies":[{"name":"wp","href":"https:\/\/api.w.org\/{rel}","templated":true}]}}