{"id":18074,"date":"2016-09-27T20:19:00","date_gmt":"2016-09-27T19:22:27","guid":{"rendered":"http:\/\/yoam.ch\/?post_type=product&#038;p=18074&#038;lang=de"},"modified":"2024-11-08T14:21:42","modified_gmt":"2024-11-08T13:21:42","slug":"memphis-grid-teller-gross","status":"publish","type":"product","link":"https:\/\/camaleoparty.ch\/de\/produkt\/memphis-grid-teller-gross\/","title":{"rendered":"Memphis Grid Teller Gross"},"content":{"rendered":"<p>12 Teller die rosa und minzgr\u00fcn mischen werden Sie mit ihrem modernen Design und Trend erfreuen. Perfekt f\u00fcr eine Hochzeit, ein Geburtstag, eine Babyparty oder Brunch, karierte Einweggeschirr geeignet f\u00fcr alle Feiertage! Diese gro\u00dfen Pappteller sind perfekt f\u00fcr einen modernen und originellen Tisch gedacht,<br \/>\nGenau im Trend der Zeit, Einweggeschirr Karo sie messen 23 cm.<\/p>\n","protected":false},"excerpt":{"rendered":"<p>12 Teller die rosa und minzgr\u00fcn mischen werden Sie mit ihrem modernen Design und Trend erfreuen. Perfekt f\u00fcr eine Hochzeit, ein Geburtstag, eine Babyparty oder Brunch, karierte Einweggeschirr geeignet f\u00fcr alle Feiertage! Diese gro\u00dfen Pappteller sind perfekt f\u00fcr einen modernen und originellen Tisch gedacht,<br \/>\nGenau im Trend der Zeit, Einweggeschirr Karo sie messen 23 cm.<\/p>\n","protected":false},"featured_media":18054,"comment_status":"open","ping_status":"closed","template":"","meta":[],"product_cat":[742,591,1204,149,147],"product_tag":[],"class_list":{"0":"post-18074","1":"product","2":"type-product","3":"status-publish","4":"has-post-thumbnail","6":"product_cat-katze","7":"product_cat-prinzessin-de","8":"product_cat-rosa","9":"product_cat-teller","10":"product_cat-verjaardags-en-feesttafelversieringen","12":"first","13":"instock","14":"sale","15":"taxable","16":"shipping-taxable","17":"purchasable","18":"product-type-simple"},"_links":{"self":[{"href":"https:\/\/camaleoparty.ch\/de\/wp-json\/wp\/v2\/product\/18074","targetHints":{"allow":["GET"]}}],"collection":[{"href":"https:\/\/camaleoparty.ch\/de\/wp-json\/wp\/v2\/product"}],"about":[{"href":"https:\/\/camaleoparty.ch\/de\/wp-json\/wp\/v2\/types\/product"}],"replies":[{"embeddable":true,"href":"https:\/\/camaleoparty.ch\/de\/wp-json\/wp\/v2\/comments?post=18074"}],"wp:featuredmedia":[{"embeddable":true,"href":"https:\/\/camaleoparty.ch\/de\/wp-json\/wp\/v2\/media\/18054"}],"wp:attachment":[{"href":"https:\/\/camaleoparty.ch\/de\/wp-json\/wp\/v2\/media?parent=18074"}],"wp:term":[{"taxonomy":"product_cat","embeddable":true,"href":"https:\/\/camaleoparty.ch\/de\/wp-json\/wp\/v2\/product_cat?post=18074"},{"taxonomy":"product_tag","embeddable":true,"href":"https:\/\/camaleoparty.ch\/de\/wp-json\/wp\/v2\/product_tag?post=18074"}],"curies":[{"name":"wp","href":"https:\/\/api.w.org\/{rel}","templated":true}]}}