{"id":17941,"date":"2016-09-27T13:25:22","date_gmt":"2016-09-27T12:28:05","guid":{"rendered":"http:\/\/yoam.ch\/?post_type=product&#038;p=17941&#038;lang=de"},"modified":"2024-11-08T14:21:51","modified_gmt":"2024-11-08T13:21:51","slug":"totenkopf-girlande","status":"publish","type":"product","link":"https:\/\/camaleoparty.ch\/de\/produkt\/totenkopf-girlande\/","title":{"rendered":"Totenkopf Girlande"},"content":{"rendered":"<p>Was gibt es besseres als diese Totenkopf Girlande f\u00fcr Ihr n\u00e4chstes Halloweenfest. Die Dias del muertos Girlande is perfekt f\u00fcr Halloween. Die Girlande ist 3 Meter lang und hat 16 Totenk\u00f6pfe.<\/p>\n","protected":false},"excerpt":{"rendered":"<p>Was gibt es besseres als diese Totenkopf Girlande f\u00fcr Ihr n\u00e4chstes Halloweenfest. Die Dias del muertos Girlande is perfekt f\u00fcr Halloween. Die Girlande ist 3 Meter lang und hat 16 Totenk\u00f6pfe.<\/p>\n","protected":false},"featured_media":17933,"comment_status":"open","ping_status":"closed","template":"","meta":[],"product_cat":[163,175,258,1079,181],"product_tag":[],"class_list":{"0":"post-17941","1":"product","2":"type-product","3":"status-publish","4":"has-post-thumbnail","6":"product_cat-dekoration","7":"product_cat-girlanden","8":"product_cat-halloween-de-2","9":"product_cat-halloween-raum-und-ausendekoration","10":"product_cat-saisonal","12":"first","13":"instock","14":"taxable","15":"shipping-taxable","16":"purchasable","17":"product-type-simple"},"_links":{"self":[{"href":"https:\/\/camaleoparty.ch\/de\/wp-json\/wp\/v2\/product\/17941","targetHints":{"allow":["GET"]}}],"collection":[{"href":"https:\/\/camaleoparty.ch\/de\/wp-json\/wp\/v2\/product"}],"about":[{"href":"https:\/\/camaleoparty.ch\/de\/wp-json\/wp\/v2\/types\/product"}],"replies":[{"embeddable":true,"href":"https:\/\/camaleoparty.ch\/de\/wp-json\/wp\/v2\/comments?post=17941"}],"wp:featuredmedia":[{"embeddable":true,"href":"https:\/\/camaleoparty.ch\/de\/wp-json\/wp\/v2\/media\/17933"}],"wp:attachment":[{"href":"https:\/\/camaleoparty.ch\/de\/wp-json\/wp\/v2\/media?parent=17941"}],"wp:term":[{"taxonomy":"product_cat","embeddable":true,"href":"https:\/\/camaleoparty.ch\/de\/wp-json\/wp\/v2\/product_cat?post=17941"},{"taxonomy":"product_tag","embeddable":true,"href":"https:\/\/camaleoparty.ch\/de\/wp-json\/wp\/v2\/product_tag?post=17941"}],"curies":[{"name":"wp","href":"https:\/\/api.w.org\/{rel}","templated":true}]}}