{"id":17411,"date":"2016-09-08T15:47:05","date_gmt":"2016-09-08T14:48:21","guid":{"rendered":"http:\/\/yoam.ch\/?post_type=product&#038;p=17411&#038;lang=de"},"modified":"2024-11-08T14:22:29","modified_gmt":"2024-11-08T13:22:29","slug":"17411","status":"publish","type":"product","link":"https:\/\/camaleoparty.ch\/de\/produkt\/17411\/","title":{"rendered":""},"content":{"rendered":"<p>10 Pink Rosa Papp-Teller aus der Serie \u201ePink Geo\u201c mit Dreiecken<\/p>\n<p>Diese schicken Party-Teller sind fr\u00f6hlich Rosa und schick zugleich. Viele, viele Pinke, Rosa, Pastell-Rosa und weitere Rosa-Farb-Varianten sorgen f\u00fcr den fr\u00f6hlichen lebhaften Stil der Papier-Teller. Die Dreiecke sorgen f\u00fcr eine schicke, elegante Note.<\/p>\n<p>Damit sind diese Pappteller perfekt f\u00fcr schicke Feiern wie schicke Flamingo-Geburtstage, Grill-Feste, Taufen, Dinner-Partys und Firmenfeiern sowie f\u00fcr bunte Kinder-Geburtstage, Ballerina-Motto-Partys, Feen-Themen-Feiern, Junggesellinnen-Abschiede, Cocktail-Abende und viele weitere Feiern.<\/p>\n<p>Aus der Serie \u201ePink Geo\u201c gibt es auch passende Papp-Becher und Geschenk-Papiert\u00fcten sowie passende Girlanden f\u00fcr die Raum-Dekoration und einiges mehr.<\/p>\n<p>Die Papierteller haben einen Durchmesser von ca. 23 cm.<\/p>\n","protected":false},"excerpt":{"rendered":"<p>10 Pink Rosa Papp-Teller aus der Serie \u201ePink Geo\u201c mit Dreiecken<\/p>\n<p>Diese schicken Party-Teller sind fr\u00f6hlich Rosa und schick zugleich. Viele, viele Pinke, Rosa, Pastell-Rosa und weitere Rosa-Farb-Varianten sorgen f\u00fcr den fr\u00f6hlichen lebhaften Stil der Papier-Teller. Die Dreiecke sorgen f\u00fcr eine schicke, elegante Note.<\/p>\n<p>&nbsp;<\/p>\n","protected":false},"featured_media":15831,"comment_status":"open","ping_status":"closed","template":"","meta":[],"product_cat":[895,1204,555,149,147],"product_tag":[],"class_list":{"0":"post-17411","1":"product","2":"type-product","3":"status-publish","4":"has-post-thumbnail","6":"product_cat-lagerabbau","7":"product_cat-rosa","8":"product_cat-sale-de-2","9":"product_cat-teller","10":"product_cat-verjaardags-en-feesttafelversieringen","12":"first","13":"instock","14":"sale","15":"taxable","16":"shipping-taxable","17":"purchasable","18":"product-type-simple"},"_links":{"self":[{"href":"https:\/\/camaleoparty.ch\/de\/wp-json\/wp\/v2\/product\/17411","targetHints":{"allow":["GET"]}}],"collection":[{"href":"https:\/\/camaleoparty.ch\/de\/wp-json\/wp\/v2\/product"}],"about":[{"href":"https:\/\/camaleoparty.ch\/de\/wp-json\/wp\/v2\/types\/product"}],"replies":[{"embeddable":true,"href":"https:\/\/camaleoparty.ch\/de\/wp-json\/wp\/v2\/comments?post=17411"}],"wp:featuredmedia":[{"embeddable":true,"href":"https:\/\/camaleoparty.ch\/de\/wp-json\/wp\/v2\/media\/15831"}],"wp:attachment":[{"href":"https:\/\/camaleoparty.ch\/de\/wp-json\/wp\/v2\/media?parent=17411"}],"wp:term":[{"taxonomy":"product_cat","embeddable":true,"href":"https:\/\/camaleoparty.ch\/de\/wp-json\/wp\/v2\/product_cat?post=17411"},{"taxonomy":"product_tag","embeddable":true,"href":"https:\/\/camaleoparty.ch\/de\/wp-json\/wp\/v2\/product_tag?post=17411"}],"curies":[{"name":"wp","href":"https:\/\/api.w.org\/{rel}","templated":true}]}}